{"id":333,"date":"2019-02-06T03:35:31","date_gmt":"2019-02-06T03:35:31","guid":{"rendered":"https:\/\/ninetheme.com\/themes\/agro\/?page_id=333"},"modified":"2023-11-14T15:54:52","modified_gmt":"2023-11-14T15:54:52","slug":"blog","status":"publish","type":"page","link":"https:\/\/liptosa.com\/en\/blog\/","title":{"rendered":"Nuestro Blog"},"content":{"rendered":"<div class=\"agro-section-wrapper\"><div class=\"nt-column\"><div class=\"nt-shortcode-wrapper\"><div id=\"hero\" class=\"nt-shortcode-hero jarallax section_69e8e68818d6d vc_custom_1621870808847\" data-speed=\"0.7\" data-img-position=\"50% 80%\" data-res-css=\"  .nt-shortcode-hero.section_69e8e68818d6d .__title {font-size:8rem;} .nt-shortcode-hero.section_69e8e68818d6d .__title span {color: #ffffff; } #hero.nt-shortcode-hero.section_69e8e68818d6d .__title {color: #ffffff; } .nt-shortcode-hero.section_69e8e68818d6d .nt-hero-desc {color: #ffffff; } .nt-shortcode-hero.section_69e8e68818d6d .breadcrumbs__link,.nt-shortcode-hero.section_69e8e68818d6d .bitem {color: #ffffff; } .nt-shortcode-hero.section_69e8e68818d6d li.active, .nt-shortcode-hero.section_69e8e68818d6d .breadcrumbs__link:hover {color: #aac44a; }   \"><div class=\"container\"><div class=\"row\"><div class=\"col-12 col-lg-7\"><h1 class=\"__title\"><span>OUR<\/span> BLOG<\/h1><p class=\"nt-hero-desc\">Find the most up-to-date information about all our products and industry developments, plus much more.<\/p><\/div><\/div><\/div><\/div><\/div><\/div><\/div><div class=\"nt_clearfix\"><\/div><div class=\"agro-section-wrapper\"><div class=\"nt-column\"><div class=\"nt-shortcode-wrapper\"><div class=\"section section--gray-bg section_69e8e688196cf vc_custom_1699976809733\" data-res-css=\"         \"><div class=\"container\"><div class=\"simple-text-block\"><div class=\"row justify-content-lg-center row--lg-middle\"><div class=\"col-lg-10\"><h2>The role of animal nutrition in <span>animal health management (FEFAC)<\/span><\/h2><div class=\"row justify-content-lg-between no-gutters\"><div class=\"col-12 col-lg-6\"><a href=\"https:\/\/liptosa.com\/wp-content\/uploads\/2023\/11\/18_PR_5-Role-of-Animal-Nutrition-in-Animal-Health-Management-Briefing.pdf\">See more<\/a><\/div><div class=\"col-12 my-3 d-lg-none\"><\/div><div class=\"col-12 col-lg-5\"><\/div><\/div><div class=\"product-description\"><div class=\"my-5\"><\/div><div class=\"__details\"><div class=\"__details__inner\"><div class=\"row\"><div class=\"col-12 col-sm-auto\"><div class=\"__details__item\"><\/div><\/div><\/div><\/div><\/div><\/div><\/div><\/div><\/div><\/div><\/div><div class=\"section section--gray-bg section_69e8e688196ee vc_custom_1699977026343\" data-res-css=\"         \"><div class=\"container\"><div class=\"simple-text-block\"><div class=\"row justify-content-lg-center row--lg-middle\"><div class=\"col-lg-10\"><h2>The development of animal nutrition <span>and metabolism and the challenges of our time.<\/span><\/h2><div class=\"row justify-content-lg-between no-gutters\"><div class=\"col-12 col-lg-6\"><a href=\"https:\/\/liptosa.com\/wp-content\/uploads\/2023\/11\/fvets-01-00023.pdf\">See more<\/a><\/div><div class=\"col-12 my-3 d-lg-none\"><\/div><div class=\"col-12 col-lg-5\"><\/div><\/div><div class=\"product-description\"><div class=\"my-5\"><\/div><div class=\"__details\"><div class=\"__details__inner\"><div class=\"row\"><div class=\"col-12 col-sm-auto\"><div class=\"__details__item\"><\/div><\/div><\/div><\/div><\/div><\/div><\/div><\/div><\/div><\/div><\/div><div class=\"section section--gray-bg section_69e8e688196fe vc_custom_1699977289696\" data-res-css=\"         \"><div class=\"container\"><div class=\"simple-text-block\"><div class=\"row justify-content-lg-center row--lg-middle\"><div class=\"col-lg-10\"><h2>The One Health Concept: <span>10 Years Old and a Long Road Ahead.<\/span><\/h2><div class=\"row justify-content-lg-between no-gutters\"><div class=\"col-12 col-lg-6\"><a href=\"https:\/\/liptosa.com\/wp-content\/uploads\/2023\/11\/fvets-05-00014-1.pdf\">See more<\/a><\/div><div class=\"col-12 my-3 d-lg-none\"><\/div><div class=\"col-12 col-lg-5\"><\/div><\/div><div class=\"product-description\"><div class=\"my-5\"><\/div><div class=\"__details\"><div class=\"__details__inner\"><div class=\"row\"><div class=\"col-12 col-sm-auto\"><div class=\"__details__item\"><\/div><\/div><\/div><\/div><\/div><\/div><\/div><\/div><\/div><\/div><\/div><div class=\"section section--gray-bg section_69e8e6881970d vc_custom_1699977089980\" data-res-css=\"         \"><div class=\"container\"><div class=\"simple-text-block\"><div class=\"row justify-content-lg-center row--lg-middle\"><div class=\"col-lg-10\"><h2>Animal nutrition strategies and options to Animal nutrition strategies and options to <span>reduce the use of antimicrobials in animal production (FAO)<\/span><\/h2><div class=\"row justify-content-lg-between no-gutters\"><div class=\"col-12 col-lg-6\"><a href=\"https:\/\/liptosa.com\/wp-content\/uploads\/2023\/11\/cb5524en.pdf\">See more<\/a><\/div><div class=\"col-12 my-3 d-lg-none\"><\/div><div class=\"col-12 col-lg-5\"><\/div><\/div><div class=\"product-description\"><div class=\"my-5\"><\/div><div class=\"__details\"><div class=\"__details__inner\"><div class=\"row\"><div class=\"col-12 col-sm-auto\"><div class=\"__details__item\"><\/div><\/div><\/div><\/div><\/div><\/div><\/div><\/div><\/div><\/div><\/div><div class=\"section section-blog section--no-pt blog_69e8e68819728\" data-res-css=\"                     \"><div class=\"container\"><div class=\"posts posts--style-1\"><div class=\"__inner\"><div class=\"row\"><\/div><\/div><\/div><\/div><\/div><\/div><\/div><\/div><div class=\"nt_clearfix\"><\/div><div class=\"agro-section-wrapper\"><div class=\"nt-column\"><div class=\"nt-shortcode-wrapper\"><div class=\"section section--no-pt section--no-pb\" style=\"min-height: 255px\"><div class=\"g_map\" data-zoom=\"15\" data-api-key=\"AIzaSyDuRbvUq7qG2c1_0ywKf6hAcKfiJMtWUQg\" data-longitude=\"40.44142566490691\" data-latitude=\"-3.6235289312737056\" data-marker=\"https:\/\/liptosa.com\/wp-content\/uploads\/2021\/04\/liptosa_pequeno_google_v02.jpg\" style=\"min-height: 255px\"><\/div><\/div><\/div><\/div><\/div><div class=\"nt_clearfix\"><\/div><div class=\"vc_row wpb_row vc_row-fluid disclamer\"><div class=\"nt-column col-sm-12\"><div class=\"nt-shortcode-wrapper\">\n\t<div class=\"wpb_text_column wpb_content_element\" >\n\t\t<div class=\"wpb_wrapper\">\n\t\t\t<p>Disclaimer: The info contained within this web page is intended for international use and is for information only. Specific product details may vary from country to country, including among EU countries. Changes can affect to composition, indications of use, specifications, target species, but also product name and others. Then product details of any particular product in any country should be checked with the information supplied by Liptosa in these country and specifically with the product labelling. In case of any question or doubt you can contact Liptosa in\u00a0 <span id=\"mail-disclaimer\"><a href=\"mailto:info@liptosa.com\">info@liptosa.com<\/a><\/span>.<\/p>\n\n\t\t<\/div>\n\t<\/div>\n<\/div><\/div><\/div>","protected":false},"excerpt":{"rendered":"NUESTRO BLOGEncuentra en nuestro blog la informaci\u00f3n m\u00e1s actual sobre todos los productos y avances de la industr\u00eda y mucho m\u00e1s.The role of animal nutrition in animal health management (FEFAC)Ver m\u00e1sThe development of animal nutrition and metabolism and the challenges of our time.Ver m\u00e1sThe One Health Concept: 10 Years Old and a Long Road Ahead.Ver...","protected":false},"author":3,"featured_media":0,"parent":0,"menu_order":0,"comment_status":"closed","ping_status":"closed","template":"custom-page.php","meta":{"footnotes":""},"class_list":["post-333","page","type-page","status-publish","hentry"," nt-post-class"],"_links":{"self":[{"href":"https:\/\/liptosa.com\/en\/wp-json\/wp\/v2\/pages\/333","targetHints":{"allow":["GET"]}}],"collection":[{"href":"https:\/\/liptosa.com\/en\/wp-json\/wp\/v2\/pages"}],"about":[{"href":"https:\/\/liptosa.com\/en\/wp-json\/wp\/v2\/types\/page"}],"author":[{"embeddable":true,"href":"https:\/\/liptosa.com\/en\/wp-json\/wp\/v2\/users\/3"}],"replies":[{"embeddable":true,"href":"https:\/\/liptosa.com\/en\/wp-json\/wp\/v2\/comments?post=333"}],"version-history":[{"count":21,"href":"https:\/\/liptosa.com\/en\/wp-json\/wp\/v2\/pages\/333\/revisions"}],"predecessor-version":[{"id":3141,"href":"https:\/\/liptosa.com\/en\/wp-json\/wp\/v2\/pages\/333\/revisions\/3141"}],"wp:attachment":[{"href":"https:\/\/liptosa.com\/en\/wp-json\/wp\/v2\/media?parent=333"}],"curies":[{"name":"wp","href":"https:\/\/api.w.org\/{rel}","templated":true}]}}