{"id":274,"date":"2019-02-05T11:26:48","date_gmt":"2019-02-05T11:26:48","guid":{"rendered":"https:\/\/ninetheme.com\/themes\/agro\/?page_id=274"},"modified":"2023-11-30T12:37:31","modified_gmt":"2023-11-30T12:37:31","slug":"productos","status":"publish","type":"page","link":"https:\/\/liptosa.com\/en\/productos\/","title":{"rendered":"Products"},"content":{"rendered":"<div class=\"agro-section-wrapper\"><div class=\"nt-column\"><div class=\"nt-shortcode-wrapper\"><div id=\"hero\" class=\"nt-shortcode-hero jarallax section_69fcbfb86cc21 vc_custom_1621240977934\" data-speed=\"0.7\" data-img-position=\"50% 80%\" data-res-css=\"          \"><div class=\"container\"><div class=\"row\"><div class=\"col-12 col-lg-7\"><h1 class=\"__title translation-block\"><span>OUR<\/span> PRODUCTS<\/h1><p class=\"nt-hero-desc\">LIPTOSA offers a complete line of products with the aim of providing excellent value for money and the choice of the most suitable product to fit the specific needs of the production, challenge or budget.<\/p><\/div><\/div><\/div><\/div><\/div><\/div><\/div><div class=\"nt_clearfix\"><\/div><div id=\"section-animales\" class=\"agro-section-wrapper\"><div class=\"nt-column\"><div class=\"nt-shortcode-wrapper\">\n\t<div class=\"wpb_raw_code wpb_content_element wpb_raw_html\" >\n\t\t<div class=\"wpb_wrapper\">\n\t\t\t<div class=\"animal-products\" style=\"\">\n<div class=\"container section d-flex flex-column justify-content-center\">\n    <h2 class=\"__title text-center translation-block\">SPECIALISED PRODUCTS <span>FOR EACH SPECIES<\/span><\/h2>\n    <div class=\"row\">\n        <div class=\"col-12 col-sm-8 col-md-6 col-lg-2 col-xl-2\">\n            <a href=\"https:\/\/liptosa.com\/en\/productos\/avicultura\/\" class=\"d-flex justify-content-center align-items-center\">\n                <p class=\"__title m-0\">Poultry<\/p>\n                <img decoding=\"async\" class=\"\" src=\"https:\/\/liptosa.com\/wp-content\/uploads\/2021\/03\/a6.png\" alt=\"avicultura\">\n            <\/a>\n        <\/div>\n        <div class=\"col-12 col-sm-8 col-md-6 col-lg-2 col-xl-2\">\n            <a href=\"https:\/\/liptosa.com\/en\/productos\/rumiantes\/\" class=\"d-flex justify-content-center align-items-center\">\n                <p class=\"__title m-0\">Ruminants<\/p>\n                <img decoding=\"async\" class=\"\" src=\"https:\/\/liptosa.com\/wp-content\/uploads\/2021\/03\/a1.png\" alt=\"rumiantes\">\n            <\/a>\n        <\/div>\n        <div class=\"col-12 col-sm-8 col-md-6 col-lg-2 col-xl-2\">\n            <a href=\"https:\/\/liptosa.com\/en\/productos\/porcino\/\" class=\"d-flex justify-content-center align-items-center\">\n                <p class=\"__title m-0\">Swine<\/p>\n                <img decoding=\"async\" class=\"ml-2\" src=\"https:\/\/liptosa.com\/wp-content\/uploads\/2021\/03\/a4.png\" alt=\"porcino\">\n            <\/a>\n        <\/div>\n        <div class=\"col-12 col-sm-8 col-md-6 col-lg-2 col-xl-2\">\n            <a href=\"http:\/\/www.liptoaqua.com\/\" target=\"_blank\" class=\"d-flex justify-content-center align-items-center\">\n                <p class=\"__title m-0\">Aquaculture<\/p>\n                <img decoding=\"async\" class=\"ml-2\" src=\"https:\/\/liptosa.com\/wp-content\/uploads\/2021\/03\/a2.png\" alt=\"acuicultura\">\n            <\/a>\n        <\/div>\n        <div class=\"col-12 col-sm-8 col-md-6 col-lg-2 col-xl-2\">\n            <a href=\"http:\/\/www.beenerjet.com\/\" target=\"_blank\" class=\"d-flex justify-content-center align-items-center\">\n                <p class=\"__title m-0\">Beekeeping<\/p>\n                <img decoding=\"async\" class=\"ml-2\" src=\"https:\/\/liptosa.com\/wp-content\/uploads\/2021\/03\/a7.png\" alt=\"apicultura\">\n            <\/a>\n        <\/div>\n        <div class=\"col-12 col-sm-8 col-md-6 col-lg-2 col-xl-2\">\n            <a href=\"https:\/\/liptosa.com\/en\/productos\/mascotas\/\" class=\"d-flex justify-content-center align-items-center\">\n                <p class=\"__title m-0\">Pets<\/p>\n                <img decoding=\"async\" class=\"ml-2\" src=\"https:\/\/liptosa.com\/wp-content\/uploads\/2021\/03\/a3.png\" alt=\"mascotas\">\n            <\/a>\n        <\/div>\n    <\/div>\n<\/div>\n<\/div>\n\t\t<\/div>\n\t<\/div>\n<\/div><\/div><\/div><div class=\"nt_clearfix\"><\/div><div class=\"vc_row wpb_row vc_row-fluid\"><div class=\"productos-innovadores nt-column col-sm-12\"><div class=\"nt-shortcode-wrapper\"><div class=\"section item_69fcbfb86e0a9\" data-res-css=\"     \"><div class=\"container\"><div class=\"row justify-content-xl-between\"><div class=\"col-12 col-lg col-xl-7\"><h2 class=\"info-heading\">INNOVATIVE <span>PRODUCTS<\/span><\/h2>Knowledge and experience have proven that, although the use of antibiotics together with traditional medication is useful and necessary in many productive moments. Thus achieving an efficient and sustainable production, adding additional advantages to the performance of the animals and to the final product obtained.<\/p>\n<p>Our own manufacturing is in a continuous state of growth. We also currently boast independent and certified production lines for the manufacturing of ORGANIC and\/or FAMI-QS product which allow us to guarantee the best possible food safety and hygiene conditions throughout the entire feed production line, from the ingredients to the final product.<\/div><div class=\"col-12 my-3 d-lg-none\"><\/div><div class=\"col-12 col-lg-auto  text-center\"><img decoding=\"async\" src=\"https:\/\/liptosa.com\/wp-content\/uploads\/2021\/04\/logo-liptosa.png\" class=\"img-fluid\" alt=\"Liptosa SA\"><\/div><\/div><\/div><\/div><\/div><\/div><\/div><div class=\"vc_row wpb_row vc_row-fluid\"><div class=\"nt-column col-sm-12\"><div class=\"nt-shortcode-wrapper\">\n\t<div class=\"wpb_raw_code wpb_content_element wpb_raw_html\" >\n\t\t<div class=\"wpb_wrapper\">\n\t\t\t<div class=\"animal-products\">\n<div class=\"container section d-flex flex-column justify-content-center\">\n    <h2 class=\"__title text-center\"><span>OUR<\/span> BRANDS<\/h2>\n    <div class=\"row justify-content-center\">\n        <div class=\"col-12 col-sm-8 col-md-6 col-lg-2 col-xl-2\">\n            <a href=\"http:\/\/www.liptoaqua.com\/\" target=\"_blank\" class=\"d-flex justify-content-center align-items-center\">\n                <img decoding=\"async\" class=\"ml-2\" src=\"https:\/\/liptosa.com\/wp-content\/uploads\/2021\/07\/liptoaqua_logo.png\" alt=\"avicultura\">\n            <\/a>\n        <\/div>\n        <div class=\"col-12 col-sm-8 col-md-6 col-lg-2 col-xl-2\">\n            <a href=\"http:\/\/www.methplus.com\/\" target=\"_blank\" class=\"d-flex justify-content-center align-items-center\">\n                <img decoding=\"async\" class=\"ml-2\" src=\"https:\/\/liptosa.com\/wp-content\/uploads\/2021\/07\/methplus_logo_.png\" alt=\"rumiantes\">\n            <\/a>\n        <\/div>\n        <div class=\"col-12 col-sm-8 col-md-6 col-lg-2 col-xl-2\">\n            <a href=\"https:\/\/www.beenerjet.com\/\" target=\"_blank\" class=\"d-flex justify-content-center align-items-center\">\n                <img decoding=\"async\" class=\"ml-2\" src=\"https:\/\/liptosa.com\/wp-content\/uploads\/2021\/07\/enerjet_logo.png\" alt=\"porcino\">\n            <\/a>\n        <\/div>\n<div class=\"col-12 col-sm-8 col-md-6 col-lg-2 col-xl-2\">\n            <a href=\"https:\/\/neostrongornitologia.com\/\" target=\"_blank\" class=\"d-flex justify-content-center align-items-center\">\n                <img decoding=\"async\" class=\"ml-2\" src=\"https:\/\/liptosa.com\/wp-content\/uploads\/2021\/07\/neostrong_logo.png\" alt=\"neostrong ornitolog\u00eda\">\n            <\/a>\n        <\/div>\n<div class=\"col-12 col-sm-8 col-md-6 col-lg-2 col-xl-2\">\n            <a href=\"https:\/\/www.digestfast.es\/\" target=\"_blank\" class=\"d-flex justify-content-center align-items-center\">\n                <img decoding=\"async\" class=\"ml-2\" src=\"https:\/\/liptosa.com\/wp-content\/uploads\/2021\/07\/digestfast_logo.png\" alt=\"digestfast\">\n            <\/a>\n        <\/div>\n    <\/div>\n<\/div>\n<\/div>\n\t\t<\/div>\n\t<\/div>\n<\/div><\/div><\/div><div class=\"agro-section-wrapper\"><div class=\"nt-column\"><div class=\"nt-shortcode-wrapper\"><div class=\"section item_69fcbfb86f4a5\" data-res-css=\"     \"><div class=\"container\"><div class=\"row justify-content-xl-between\"><div class=\"col-12 col-lg col-xl-7\"><h2 class=\"info-heading\">OUR <span>SERVICES<\/span><\/h2><span data-contrast=\"auto\">LIPTOSA is made up of a multidisciplinary team of experts in animal nutrition and livestock production. Our staff are all qualified in this sector and work towards meeting the needs of each client.<\/span><br \/>\n<span data-ccp-props=\"{&quot;134233279&quot;:true,&quot;201341983&quot;:0,&quot;335559685&quot;:720,&quot;335559739&quot;:160,&quot;335559740&quot;:256}\">\u00a0<\/span><\/p>\n<p><span data-contrast=\"auto\">LIPTOSA offers a consultancy service in feed formulation and manufacturing, animal health, and others.<\/span><br \/>\n<span data-ccp-props=\"{&quot;134233279&quot;:true,&quot;201341983&quot;:0,&quot;335559685&quot;:720,&quot;335559739&quot;:160,&quot;335559740&quot;:256}\">\u00a0<\/span><\/p>\n<p><span data-contrast=\"auto\">This customer\u00a0<\/span><span data-contrast=\"auto\">service\u00a0<\/span><span data-contrast=\"auto\">is further supported with marketing, technical and sales support through participation in fairs and congresses, as well as training for distributors and sales managers.<\/span><span data-ccp-props=\"{&quot;134233279&quot;:true,&quot;201341983&quot;:0,&quot;335559685&quot;:720,&quot;335559739&quot;:160,&quot;335559740&quot;:256}\">\u00a0<\/span><\/div><div class=\"col-12 my-3 d-lg-none\"><\/div><div class=\"col-12 col-lg-auto  text-center\"><img decoding=\"async\" src=\"https:\/\/liptosa.com\/wp-content\/uploads\/2021\/03\/liptosa-wp-1.png\" class=\"img-fluid\" alt=\"liptosa-productos\"><\/div><\/div><\/div><\/div><\/div><\/div><\/div><div class=\"nt_clearfix\"><\/div><div id=\"form\" class=\"agro-section-wrapper section section--dark-bg vc_custom_1617647883887 nt-has-fill nt_section_15414804 nt-has-responsive-data\" data-res-css=\"@media (max-width: 992px) {.nt_section_15414804{ padding-bottom: 84px !important; }} @media (max-width: 768px) {.nt_section_15414804{ padding-bottom: 54px !important; }}\"><div class=\"container container-stretch\"><div class=\"row\"><div class=\"section-heading--white nt-column col-sm-12\"><div class=\"nt-shortcode-wrapper\"><div class=\"section-heading section-heading--center item_69fcbfb86fe03\" data-res-css=\"     \" data-aos=\"fade\"><h2 class=\"__title\">CONTACT <span>US<\/span><\/h2><p>You can contact us with any queries you might have.<\/p><\/div>\n<div class=\"wpcf7 no-js\" id=\"wpcf7-f1180-o1\" lang=\"en-US\" dir=\"ltr\" data-wpcf7-id=\"1180\">\n<div class=\"screen-reader-response\"><p role=\"status\" aria-live=\"polite\" aria-atomic=\"true\"><\/p> <ul><\/ul><\/div>\n<form action=\"\/en\/wp-json\/wp\/v2\/pages\/274#wpcf7-f1180-o1\" method=\"post\" class=\"wpcf7-form init\" aria-label=\"Contact form\" novalidate=\"novalidate\" data-status=\"init\" data-trp-original-action=\"\/en\/wp-json\/wp\/v2\/pages\/274#wpcf7-f1180-o1\">\n<fieldset class=\"hidden-fields-container\"><input type=\"hidden\" name=\"_wpcf7\" value=\"1180\" \/><input type=\"hidden\" name=\"_wpcf7_version\" value=\"6.1.5\" \/><input type=\"hidden\" name=\"_wpcf7_locale\" value=\"en_US\" \/><input type=\"hidden\" name=\"_wpcf7_unit_tag\" value=\"wpcf7-f1180-o1\" \/><input type=\"hidden\" name=\"_wpcf7_container_post\" value=\"0\" \/><input type=\"hidden\" name=\"_wpcf7_posted_data_hash\" value=\"\" \/><input type=\"hidden\" name=\"_wpcf7_recaptcha_response\" value=\"\" \/>\n<\/fieldset>\n<div class=\"contact-form form-home\">\n\t<div class=\"row\">\n\t\t<div class=\"col-12 col-md-4\">\n\t\t\t<div class=\"input-wrp\">\n\t\t\t\t<p><span class=\"wpcf7-form-control-wrap\" data-name=\"nombre\"><input size=\"40\" maxlength=\"400\" class=\"wpcf7-form-control wpcf7-text wpcf7-validates-as-required textfield\" aria-required=\"true\" aria-invalid=\"false\" placeholder=\"Name\" value=\"\" type=\"text\" name=\"nombre\" \/><\/span>\n\t\t\t\t<\/p>\n\t\t\t<\/div>\n\t\t<\/div>\n\t\t<p><span id=\"wpcf7-69fcbfb87083c-wrapper\" class=\"wpcf7-form-control-wrap lip-wrap\" style=\"display:none !important; visibility:hidden !important;\"><label for=\"wpcf7-69fcbfb87083c-field\" class=\"hp-message\">Please leave this field empty.<\/label><input id=\"wpcf7-69fcbfb87083c-field\"  class=\"wpcf7-form-control wpcf7-text\" type=\"text\" name=\"lip\" value=\"\" size=\"40\" tabindex=\"-1\" autocomplete=\"off\" \/><\/span>\n\t\t<\/p>\n\t\t<div class=\"col-12 col-md-4\">\n\t\t\t<div class=\"input-wrp col-12\">\n\t\t\t\t<p><span class=\"wpcf7-form-control-wrap\" data-name=\"email\"><input size=\"40\" maxlength=\"400\" class=\"wpcf7-form-control wpcf7-text wpcf7-validates-as-required textfield\" aria-required=\"true\" aria-invalid=\"false\" placeholder=\"Email\" value=\"\" type=\"text\" name=\"email\" \/><\/span>\n\t\t\t\t<\/p>\n\t\t\t<\/div>\n\t\t<\/div>\n\t\t<div class=\"col-12 col-md-4\">\n\t\t\t<div class=\"input-wrp\">\n\t\t\t\t<p><span class=\"wpcf7-form-control-wrap\" data-name=\"countrytext-563\"><input size=\"40\" class=\"wpcf7-form-control wpcf7-countrytext wpcf7-validates-as-required wpcf7-text wpcf7-validates-as-countrytext\" aria-required=\"true\" aria-invalid=\"false\" value=\"\" type=\"text\" name=\"countrytext-563\" \/><\/span>\n\t\t\t\t<\/p>\n\t\t\t<\/div>\n\t\t<\/div>\n\t\t<div class=\"input-wrp col-12\">\n\t\t\t<p><span class=\"wpcf7-form-control-wrap\" data-name=\"contenido\"><textarea cols=\"10\" rows=\"2\" maxlength=\"2000\" class=\"wpcf7-form-control wpcf7-textarea wpcf7-validates-as-required textfield\" aria-required=\"true\" aria-invalid=\"false\" placeholder=\"Comments\" name=\"contenido\"><\/textarea><\/span>\n\t\t\t<\/p>\n\t\t<\/div>\n\t\t<div class=\"col-12 mt-5\">\n\t\t\t<p><span class=\"wpcf7-form-control-wrap\" data-name=\"acceptance-983\"><span class=\"wpcf7-form-control wpcf7-acceptance\"><span class=\"wpcf7-list-item\"><label><input type=\"checkbox\" name=\"acceptance-983\" value=\"1\" class=\"m-0\" aria-invalid=\"false\" \/><span class=\"wpcf7-list-item-label\">I accept the <a href=\"https:\/\/liptosa.com\/en\/politica-de-privacidad\/\" target=\"_blank\">privacy policy<\/a><\/span><\/label><\/span><\/span><\/span>\n\t\t\t<\/p>\n\t\t<\/div>\n\t\t<p><input class=\"wpcf7-form-control wpcf7-submit has-spinner custom-btn custom-btn--medium custom-btn--style-3 wide\" type=\"submit\" value=\"Send\" \/>\n\t\t<\/p>\n\t<\/div>\n<\/div><div class=\"wpcf7-response-output\" aria-hidden=\"true\"><\/div>\n<input type=\"hidden\" name=\"trp-form-language\" value=\"en\"\/><\/form>\n<\/div>\n<\/div><\/div><\/div><\/div><\/div><div class=\"nt_clearfix\"><\/div><div data-vc-full-width=\"true\" data-vc-full-width-init=\"false\" data-vc-stretch-content=\"true\" class=\"vc_row wpb_row vc_row-fluid vc_row-no-padding\"><div class=\"nt-column col-sm-12\"><div class=\"nt-shortcode-wrapper\"><div class=\"section section--no-pt section--no-pb\" style=\"min-height: 255px\"><div class=\"g_map\" data-zoom=\"15\" data-api-key=\"AIzaSyDuRbvUq7qG2c1_0ywKf6hAcKfiJMtWUQg\" data-longitude=\"40.44142566490691\" data-latitude=\"-3.6235289312737056\" data-marker=\"https:\/\/liptosa.com\/wp-content\/uploads\/2021\/04\/liptosa_pequeno_google_v02.jpg\" style=\"min-height: 255px\"><\/div><\/div><\/div><\/div><\/div><div class=\"vc_row-full-width vc_clearfix\"><\/div><div class=\"vc_row wpb_row vc_row-fluid disclamer\"><div class=\"nt-column col-sm-12\"><div class=\"nt-shortcode-wrapper\">\n\t<div class=\"wpb_text_column wpb_content_element\" >\n\t\t<div class=\"wpb_wrapper\">\n\t\t\t<p>Disclaimer: The info contained within this web page is intended for international use and is for information only. Specific product details may vary from country to country, including among EU countries. Changes can affect to composition, indications of use, specifications, target species, but also product name and others. Then product details of any particular product in any country should be checked with the information supplied by Liptosa in these country and specifically with the product labelling. In case of any question or doubt you can contact Liptosa in\u00a0 <span id=\"mail-disclaimer\"><a href=\"mailto:info@liptosa.com\">info@liptosa.com<\/a><\/span>.<\/p>\n\n\t\t<\/div>\n\t<\/div>\n<\/div><\/div><\/div>","protected":false},"excerpt":{"rendered":"NUESTROS PRODUCTOSLIPTOSA ofrece una l\u00ednea completa de productos con el objetivo de buscar una excelente relaci\u00f3n calidad-precio, que permiten escoger la opci\u00f3n que m\u00e1s se ajuste a las necesidades de la producci\u00f3n, desaf\u00edo y presupuesto. SELECCIONA LA ESPECIE DE INTER\u00c9S Avicultura Rumiantes Porcino Acuicultura Apicultura Mascotas PRODUCTOS INNOVADORESEl conocimiento y la experiencia han probado que,...","protected":false},"author":3,"featured_media":0,"parent":0,"menu_order":0,"comment_status":"closed","ping_status":"closed","template":"custom-page.php","meta":{"footnotes":""},"class_list":["post-274","page","type-page","status-publish","hentry"," nt-post-class"],"_links":{"self":[{"href":"https:\/\/liptosa.com\/en\/wp-json\/wp\/v2\/pages\/274","targetHints":{"allow":["GET"]}}],"collection":[{"href":"https:\/\/liptosa.com\/en\/wp-json\/wp\/v2\/pages"}],"about":[{"href":"https:\/\/liptosa.com\/en\/wp-json\/wp\/v2\/types\/page"}],"author":[{"embeddable":true,"href":"https:\/\/liptosa.com\/en\/wp-json\/wp\/v2\/users\/3"}],"replies":[{"embeddable":true,"href":"https:\/\/liptosa.com\/en\/wp-json\/wp\/v2\/comments?post=274"}],"version-history":[{"count":31,"href":"https:\/\/liptosa.com\/en\/wp-json\/wp\/v2\/pages\/274\/revisions"}],"predecessor-version":[{"id":3274,"href":"https:\/\/liptosa.com\/en\/wp-json\/wp\/v2\/pages\/274\/revisions\/3274"}],"wp:attachment":[{"href":"https:\/\/liptosa.com\/en\/wp-json\/wp\/v2\/media?parent=274"}],"curies":[{"name":"wp","href":"https:\/\/api.w.org\/{rel}","templated":true}]}}