{"id":259,"date":"2019-02-05T09:56:02","date_gmt":"2019-02-05T09:56:02","guid":{"rendered":"https:\/\/ninetheme.com\/themes\/agro\/?page_id=259"},"modified":"2023-11-16T14:26:59","modified_gmt":"2023-11-16T14:26:59","slug":"clientes","status":"publish","type":"page","link":"https:\/\/liptosa.com\/en\/clientes\/","title":{"rendered":"Clients"},"content":{"rendered":"<div class=\"agro-section-wrapper\"><div class=\"nt-column\"><div class=\"nt-shortcode-wrapper \"><div id=\"hero\" class=\"nt-shortcode-hero jarallax section_69fdd9e4a5c4f vc_custom_1631005132109\" data-speed=\"0.7\" data-img-position=\"50% 80%\" data-res-css=\"          \"><div class=\"container\"><div class=\"row\"><div class=\"col-12 col-lg-7 text-left\"><h1 class=\"__title\"><span>NUESTROS<\/span> CLIENTES<\/h1><p class=\"nt-hero-desc\">Ofrecemos soluciones personalizadas para todos nuestros perfiles de clientes.<\/p><\/div><\/div><\/div><\/div><\/div><\/div><\/div><div class=\"nt_clearfix\"><\/div><div class=\"agro-section-wrapper text-center\"><div class=\"nt-column\"><div class=\"nt-shortcode-wrapper \"><div class=\"section section_69fdd9e4a63f8\" data-res-css=\"       \"><div class=\"container\"><div class=\"section-heading section-heading--center\"><h2 class=\"__title\">SOLUCIONES <span>PARA CADA TIPO DE CLIENTE<\/span><\/h2><p>Ofrecemos soluciones personalizadas para todos nuestros perfiles de clientes<\/p><\/div><div class=\"feature feature--style-2\"><div class=\"__inner\"><div class=\"row\"><div class=\"col-12 col-md-3 col-lg-3\"><div class=\"__item\"><h5 class=\"__title\">Distribuidores<\/h5><p>Soluciones eficientes, rentables y a medida. Adem\u00e1s, aportamos todo el apoyo t\u00e9cnico-comercial necesario.<\/p><\/div><\/div><div class=\"col-12 col-md-3 col-lg-3\"><div class=\"__item\"><h5 class=\"__title\">Veterinarios<\/h5><p>La nutrici\u00f3n y el bienestar  animal son principal objetivo (dentro del marco de la producci\u00f3n)<\/p><\/div><\/div><div class=\"col-12 col-md-3 col-lg-3\"><div class=\"__item\"><h5 class=\"__title\">Nutricionistas<\/h5><p>Aportamos soluciones con el objetivo de mejorar la eficiencia nutricional del pienso (para un m\u00e1ximo aprovechamiento del mismo).<\/p><\/div><\/div><div class=\"col-12 col-md-3 col-lg-3\"><div class=\"__item\"><h5 class=\"__title\">Ganaderos<\/h5><p>Soluciones fiables y rentables buscando las mejoras productivas de sus animales.<\/p><\/div><\/div><\/div><\/div><\/div><\/div><\/div><\/div><\/div><\/div><div class=\"nt_clearfix\"><\/div><div class=\"agro-section-wrapper\"><div class=\"nt-column\"><div class=\"nt-shortcode-wrapper \"><div class=\"section section--gutter section--base-bg counter_69fdd9e4a6b93\" data-res-css=\"        .section.counter_69fdd9e4a6b93 .counter .__item .__title{color: #000000; }\">\n                <div class=\"container\">\n                    <div class=\"counter\">\n                        <div class=\"__inner\">\n                            <div class=\"row justify-content-sm-center\"><div class=\"col-12 col-sm-8 col-md-6 col-lg-5 col-xl-3\"><div class=\"__item\" data-aos=\"\" data-aos-delay=\"\" data-aos-offset=\"\"><div class=\"d-table\"><div class=\"d-table-cell align-middle\"><i class=\"__ico\"><img decoding=\"async\" src=\"https:\/\/liptosa.com\/wp-content\/uploads\/2021\/03\/Shape.png\" class=\"img-fluid\" alt=\"LIPTOSA_EXPERIENCIA\"><\/i><\/div><div class=\"d-table-cell align-middle\"><p class=\"__count js-count\" data-from=\"0\" data-to=\"25\">25<\/p><p class=\"__title\">a\u00f1os de experiencia<\/p><\/div><\/div><\/div><\/div><div class=\"col-12 col-sm-8 col-md-6 col-lg-5 col-xl-3\"><div class=\"__item\" data-aos=\"\" data-aos-delay=\"\" data-aos-offset=\"\"><div class=\"d-table\"><div class=\"d-table-cell align-middle\"><i class=\"__ico\"><img decoding=\"async\" src=\"https:\/\/liptosa.com\/wp-content\/uploads\/2021\/03\/liptosa-paises.png\" class=\"img-fluid\" alt=\"LIPTOSA_PAISES\"><\/i><\/div><div class=\"d-table-cell align-middle\"><p class=\"__count js-count\" data-from=\"0\" data-to=\"61\">61<\/p><p class=\"__title\">pa\u00edses con presencia<\/p><\/div><\/div><\/div><\/div><div class=\"col-12 col-sm-8 col-md-6 col-lg-5 col-xl-3\"><div class=\"__item\" data-aos=\"\" data-aos-delay=\"\" data-aos-offset=\"\"><div class=\"d-table\"><div class=\"d-table-cell align-middle\"><i class=\"__ico\"><img decoding=\"async\" src=\"https:\/\/liptosa.com\/wp-content\/uploads\/2021\/03\/profesionales-liptosa.png\" class=\"img-fluid\" alt=\"profesionales-liptosa\"><\/i><\/div><div class=\"d-table-cell align-middle\"><p class=\"__count js-count\" data-from=\"0\" data-to=\"50\">50<\/p><p class=\"__title\">profesionales<\/p><\/div><\/div><\/div><\/div><div class=\"col-12 col-sm-8 col-md-6 col-lg-5 col-xl-3\"><div class=\"__item\" data-aos=\"\" data-aos-delay=\"\" data-aos-offset=\"\"><div class=\"d-table\"><div class=\"d-table-cell align-middle\"><i class=\"__ico\"><img decoding=\"async\" src=\"https:\/\/liptosa.com\/wp-content\/uploads\/2021\/03\/formulacion.png\" class=\"img-fluid\" alt=\"formulacion\"><\/i><\/div><div class=\"d-table-cell align-middle\"><p class=\"__count js-count\" data-from=\"0\" data-to=\"100\">100<\/p><p class=\"__title\">f\u00f3rmulas personalizadas<\/p><\/div><\/div><\/div><\/div><\/div>\n                    <\/div>\n                <\/div>\n            <\/div>\n        <\/div><\/div><\/div><\/div><div class=\"nt_clearfix\"><\/div><div class=\"agro-section-wrapper\"><div class=\"nt-column\"><div class=\"nt-shortcode-wrapper \"><div class=\"section item_69fdd9e4a8a09\" data-res-css=\"             \"><div class=\"container\"><div class=\"row\"><div class=\"col-12 col-lg-6\"><h2 class=\"info-heading\">EL GANADERO <span>Y SU PAPEL<\/span><\/h2><strong>Reconocemos y ponemos en valor la figura del ganadero.<\/strong><\/p>\n<p>El ganadero es la persona que se preocupa m\u00e1s que nadie por sus animales, para que estos crezcan sanos y en las mejores condiciones de bienestar posibles. Desde LIPTOSA, nuestro objetivo es proporcionarle unas herramientas eficaces, seguras y rentables que le permitan producir con la seguridad y tranquilidad que necesita. Su opini\u00f3n es importante y nos gusta conocerla.<\/p>\n<p>Nuestro trato personalizado con los ganaderos hace posible que podamos ofrecer los mejores productos adaptados a sus necesidades.<p><a class=\"custom-btn custom-btn--medium custom-btn--style-1\" href=\"https:\/\/liptosa.com\/contacto\/\">SOLICITAR INFORMACI\u00d3N<\/a><\/p><\/div><div class=\"col-12 my-3 d-lg-none\"><\/div><div class=\"col-12 col-lg-6\"><img decoding=\"async\" src=\"https:\/\/liptosa.com\/wp-content\/uploads\/2021\/05\/granjero-liptosa.png\" class=\"img-fluid\" alt=\"granjero-liptosa\"><\/div><\/div><\/div><\/div><\/div><\/div><\/div><div class=\"nt_clearfix\"><\/div><div id=\"reverse-row\" class=\"agro-section-wrapper reverse-row vc_rtl-columns-reverse nt_section_15417194 nt-has-responsive-data\" data-res-css=\".nt_section_15417194{background-position:left!important;}\"><div class=\"nt-column\"><div class=\"nt-shortcode-wrapper \"><div class=\"section item_69fdd9e4a9ce5\" data-res-css=\"             \"><div class=\"container\"><div class=\"row\"><div class=\"col-12 col-lg-6\"><h2 class=\"info-heading\">EL VETERINARIO <span><\/span><\/h2><strong>La importancia de los Veterinarios.<\/strong><\/p>\n<p><span class=\"TextRun BCX0 SCXW166595299\" lang=\"ES-ES\" xml:lang=\"ES-ES\" data-contrast=\"none\"><span class=\"NormalTextRun BCX0 SCXW166595299\">El veterinario es el responsable de velar por el cumplimento de los est\u00e1ndares de bienestar animal y, consecuentemente, tiene un papel fundamental en la cadena de seguridad alimentaria. En\u00a0<\/span><\/span><span class=\"TextRun BCX0 SCXW166595299\" lang=\"ES-ES\" xml:lang=\"ES-ES\" data-contrast=\"none\"><span class=\"NormalTextRun SpellingErrorV2 BCX0 SCXW166595299\">Liptosa<\/span><\/span><span class=\"TextRun BCX0 SCXW166595299\" lang=\"ES-ES\" xml:lang=\"ES-ES\" data-contrast=\"none\"><span class=\"NormalTextRun BCX0 SCXW166595299\">, colaboramos estrechamente con el veterinario para optimizar el cumplimiento de estas pautas, favoreciendo una producci\u00f3n eficiente, responsable y segura.<\/span><\/span><p><a class=\"custom-btn custom-btn--medium custom-btn--style-1\" href=\"https:\/\/liptosa.com\/contacto\/\">SOLICITAR INFORMACI\u00d3N<\/a><\/p><\/div><div class=\"col-12 my-3 d-lg-none\"><\/div><div class=\"col-12 col-lg-6\"><img decoding=\"async\" src=\"https:\/\/liptosa.com\/wp-content\/uploads\/2021\/05\/foto-veterinario.png\" class=\"img-fluid\" alt=\"liptosa-veterinario\"><\/div><\/div><\/div><\/div><\/div><\/div><\/div><div class=\"nt_clearfix\"><\/div><div class=\"vc_row wpb_row vc_row-fluid reverse-row vc_custom_1700140400062 vc_row-has-fill vc_rtl-columns-reverse\"><div class=\"nt-column col-sm-12\"><div class=\"nt-shortcode-wrapper \">\n\t<div class=\"wpb_raw_code wpb_content_element wpb_raw_html\" >\n\t\t<div class=\"wpb_wrapper\">\n\t\t\t   <br>\n<h2 style=\"text-align: center; color:white;margin-top: 80px;\">CONSULTOR\u00cdA <span><br>PERSONALIZADA<\/span><\/h2>\n<p style=\"text-align: center; color:white;margin-bottom: 80px;\">A trav\u00e9s de una dedicaci\u00f3n personalizada con nuestros clientes <br> conseguimos cubrir sus necesidades y la satisfacci\u00f3n de los clientes<\/p>\n<br>\n\t\t<\/div>\n\t<\/div>\n\n\t<div class=\"wpb_raw_code wpb_content_element wpb_raw_html\" >\n\t\t<div class=\"wpb_wrapper\">\n\t\t\t <div class=\"div_respon\">\n        <div class=\"moduloCliente\">\n       \n        <div>\n            <img decoding=\"async\" src=\"https:\/\/liptosa.com\/wp-content\/uploads\/2023\/11\/acuicultura-recortada1.jpg\" style=\"width: 100%;\">\n        <\/div>\n\n        <div class=\"letras\"> \n         <h3 style=\"font-size: 33px;\">NUESTROS CLIENTES <span>\nNOS AVALAN<\/span><\/h3>\n         \n        <p>Las relaciones de Liptosa con sus consumidores se consolidan con el paso del tiempo, m\u00e1s all\u00e1 de una vinculaci\u00f3n comercial.\n        Desde diferentes pa\u00edses del mundo y variados sectores ganaderos, \u00e9stas se fortifican y fidelizan a\u00f1o tras a\u00f1o.Nos sentimos orgullosos de seguir aprendiendo y mejorando nuestros productos gracias a la escucha activa de las nuevas necesidades y de los nuevos retos que se presentan en cada sistema productivo, para cada profesional.<\/p>\n        <p>La confianza mutua y el respeto a la profesionalidad, nos hace mejorar d\u00eda a d\u00eda a favor de nuestros clientes y de sus animales.<\/p>\n      <p>  Nuestro camino del green way of life lo construimos juntos.<\/p>\n        <\/div>\n    <\/div>  \n<\/div>\n\t\t<\/div>\n\t<\/div>\n<\/div><\/div><\/div><div class=\"agro-section-wrapper\"><div class=\"nt-column\"><div class=\"nt-shortcode-wrapper \"><div class=\"section  section_69fdd9e4abd9f\" data-res-css=\"     \"><div class=\"container\"><div class=\"section-heading section-heading--center\" data-aos=\"fade\"><h2 class=\"__title\">COLABORADORES <span>TECNOL\u00d3GICOS<\/span><\/h2><\/div><div class=\"partners-list\"><div class=\"js-slick\" data-slick='{\"slidesToShow\": 5,\"autoplay\": true,\"arrows\": false,\"dots\": true,\"pauseOnHover\": false,\"speed\": 1000,\"responsive\": [{\"breakpoint\":576,\"settings\":{\"slidesToShow\": 1}},{\"breakpoint\":767,\"settings\":{\"slidesToShow\": 3}},{\"breakpoint\":991,\"settings\":{\"slidesToShow\": 4}},{\"breakpoint\":1199,\"settings\":{\"autoplay\": false,\"dots\": false,\"slidesToShow\": 5}}]}'><div class=\"__item\"><img decoding=\"async\" src=\"https:\/\/liptosa.com\/wp-content\/uploads\/2021\/03\/logo-cartif-small.png\" class=\"img-fluid m-auto\" alt=\"logo-cartif-TECNOLOGICO\"><\/div><div class=\"__item\"><img decoding=\"async\" src=\"https:\/\/liptosa.com\/wp-content\/uploads\/2021\/03\/irtagencat.jpg\" class=\"img-fluid m-auto\" alt=\"irta+gencat\"><\/div><div class=\"__item\"><img decoding=\"async\" src=\"https:\/\/liptosa.com\/wp-content\/uploads\/2021\/03\/logo_SPAROS_100x52cm.png\" class=\"img-fluid m-auto\" alt=\"logo_SPAROS\"><\/div><div class=\"__item\"><img decoding=\"async\" src=\"https:\/\/liptosa.com\/wp-content\/uploads\/2021\/03\/ctaqua_logo.png\" class=\"img-fluid m-auto\" alt=\"ctaqua_logo\"><\/div><div class=\"__item\"><img decoding=\"async\" src=\"https:\/\/liptosa.com\/wp-content\/uploads\/2021\/04\/VISAVET-logo-1.png\" class=\"img-fluid m-auto\" alt=\"VISAVET- ucm\"><\/div><div class=\"__item\"><img decoding=\"async\" src=\"https:\/\/liptosa.com\/wp-content\/uploads\/2021\/04\/ainia-sello-positivo.png\" class=\"img-fluid m-auto\" alt=\"ainia-innovacion-continua\"><\/div><\/div><\/div><\/div><\/div><\/div><\/div><\/div><div class=\"nt_clearfix\"><\/div><div class=\"agro-section-wrapper section section--dark-bg vc_custom_1549793698307 nt_section_1541834 nt-has-responsive-data\" data-res-css=\"@media (max-width: 992px) {.nt_section_1541834{ padding-bottom: 84px !important; }} @media (max-width: 768px) {.nt_section_1541834{ padding-bottom: 54px !important; }}\"><div class=\"container container-stretch\"><div class=\"row\"><div class=\"section-heading--white nt-column col-sm-12\"><div class=\"nt-shortcode-wrapper \"><div class=\"section-heading section-heading--center item_69fdd9e4ae441\" data-res-css=\"     \" data-aos=\"fade\"><h2 class=\"__title\">PONTE <span>EN CONTACTO<\/span><\/h2><p>Cons\u00faltanos cualquier duda<\/p><\/div>\n<div class=\"wpcf7 no-js\" id=\"wpcf7-f1180-o1\" lang=\"en-US\" dir=\"ltr\" data-wpcf7-id=\"1180\">\n<div class=\"screen-reader-response\"><p role=\"status\" aria-live=\"polite\" aria-atomic=\"true\"><\/p> <ul><\/ul><\/div>\n<form action=\"\/en\/wp-json\/wp\/v2\/pages\/259#wpcf7-f1180-o1\" method=\"post\" class=\"wpcf7-form init\" aria-label=\"Contact form\" novalidate=\"novalidate\" data-status=\"init\">\n<fieldset class=\"hidden-fields-container\"><input type=\"hidden\" name=\"_wpcf7\" value=\"1180\" \/><input type=\"hidden\" name=\"_wpcf7_version\" value=\"6.1.5\" \/><input type=\"hidden\" name=\"_wpcf7_locale\" value=\"en_US\" \/><input type=\"hidden\" name=\"_wpcf7_unit_tag\" value=\"wpcf7-f1180-o1\" \/><input type=\"hidden\" name=\"_wpcf7_container_post\" value=\"0\" \/><input type=\"hidden\" name=\"_wpcf7_posted_data_hash\" value=\"\" \/><input type=\"hidden\" name=\"_wpcf7_recaptcha_response\" value=\"\" \/>\n<\/fieldset>\n<div class=\"contact-form form-home\">\n\t<div class=\"row\">\n\t\t<div class=\"col-12 col-md-4\">\n\t\t\t<div class=\"input-wrp\">\n\t\t\t\t<p><span class=\"wpcf7-form-control-wrap\" data-name=\"nombre\"><input size=\"40\" maxlength=\"400\" class=\"wpcf7-form-control wpcf7-text wpcf7-validates-as-required textfield\" aria-required=\"true\" aria-invalid=\"false\" placeholder=\"Nombre\" value=\"\" type=\"text\" name=\"nombre\" \/><\/span>\n\t\t\t\t<\/p>\n\t\t\t<\/div>\n\t\t<\/div>\n\t\t<p><span id=\"wpcf7-69fdd9e4aefc9-wrapper\" class=\"wpcf7-form-control-wrap lip-wrap\" style=\"display:none !important; visibility:hidden !important;\"><label for=\"wpcf7-69fdd9e4aefc9-field\" class=\"hp-message\">Please leave this field empty.<\/label><input id=\"wpcf7-69fdd9e4aefc9-field\"  class=\"wpcf7-form-control wpcf7-text\" type=\"text\" name=\"lip\" value=\"\" size=\"40\" tabindex=\"-1\" autocomplete=\"off\" \/><\/span>\n\t\t<\/p>\n\t\t<div class=\"col-12 col-md-4\">\n\t\t\t<div class=\"input-wrp col-12\">\n\t\t\t\t<p><span class=\"wpcf7-form-control-wrap\" data-name=\"email\"><input size=\"40\" maxlength=\"400\" class=\"wpcf7-form-control wpcf7-text wpcf7-validates-as-required textfield\" aria-required=\"true\" aria-invalid=\"false\" placeholder=\"E-mail\" value=\"\" type=\"text\" name=\"email\" \/><\/span>\n\t\t\t\t<\/p>\n\t\t\t<\/div>\n\t\t<\/div>\n\t\t<div class=\"col-12 col-md-4\">\n\t\t\t<div class=\"input-wrp\">\n\t\t\t\t<p><span class=\"wpcf7-form-control-wrap\" data-name=\"countrytext-563\"><input size=\"40\" class=\"wpcf7-form-control wpcf7-countrytext wpcf7-validates-as-required wpcf7-text wpcf7-validates-as-countrytext\" aria-required=\"true\" aria-invalid=\"false\" value=\"\" type=\"text\" name=\"countrytext-563\" \/><\/span>\n\t\t\t\t<\/p>\n\t\t\t<\/div>\n\t\t<\/div>\n\t\t<div class=\"input-wrp col-12\">\n\t\t\t<p><span class=\"wpcf7-form-control-wrap\" data-name=\"contenido\"><textarea cols=\"10\" rows=\"2\" maxlength=\"2000\" class=\"wpcf7-form-control wpcf7-textarea wpcf7-validates-as-required textfield\" aria-required=\"true\" aria-invalid=\"false\" placeholder=\"Comentarios\" name=\"contenido\"><\/textarea><\/span>\n\t\t\t<\/p>\n\t\t<\/div>\n\t\t<div class=\"col-12 mt-5\">\n\t\t\t<p><span class=\"wpcf7-form-control-wrap\" data-name=\"acceptance-983\"><span class=\"wpcf7-form-control wpcf7-acceptance\"><span class=\"wpcf7-list-item\"><label><input type=\"checkbox\" name=\"acceptance-983\" value=\"1\" class=\"m-0\" aria-invalid=\"false\" \/><span class=\"wpcf7-list-item-label\">Acepto la <a href=\"https:\/\/liptosa.com\/politica-de-privacidad\/\" target=\"_blank\">pol\u00edtica de privacidad<\/a><\/span><\/label><\/span><\/span><\/span>\n\t\t\t<\/p>\n\t\t<\/div>\n\t\t<p><input class=\"wpcf7-form-control wpcf7-submit has-spinner custom-btn custom-btn--medium custom-btn--style-3 wide\" type=\"submit\" value=\"Enviar\" \/>\n\t\t<\/p>\n\t<\/div>\n<\/div><div class=\"wpcf7-response-output\" aria-hidden=\"true\"><\/div>\n<\/form>\n<\/div>\n<\/div><\/div><\/div><\/div><\/div><div class=\"nt_clearfix\"><\/div><div data-vc-full-width=\"true\" data-vc-full-width-init=\"false\" data-vc-stretch-content=\"true\" class=\"vc_row wpb_row vc_row-fluid vc_row-no-padding\"><div class=\"nt-column col-sm-12\"><div class=\"nt-shortcode-wrapper \"><div class=\"section section--no-pt section--no-pb\" style=\"min-height: 255px\"><div class=\"g_map\" data-zoom=\"15\" data-api-key=\"AIzaSyDuRbvUq7qG2c1_0ywKf6hAcKfiJMtWUQg\" data-longitude=\"40.44142566490691\" data-latitude=\"-3.6235289312737056\" data-marker=\"https:\/\/liptosa.com\/wp-content\/uploads\/2021\/04\/liptosa_pequeno_google_v02.jpg\" style=\"min-height: 255px\"><\/div><\/div><\/div><\/div><\/div><div class=\"vc_row-full-width vc_clearfix\"><\/div><section class=\"vc_section disclamer\"><div class=\"vc_row wpb_row vc_row-fluid\"><div class=\"nt-column col-sm-12\"><div class=\"nt-shortcode-wrapper \">\n\t<div class=\"wpb_text_column wpb_content_element \" >\n\t\t<div class=\"wpb_wrapper\">\n\t\t\t<p>Exenci\u00f3n de responsabilidad: La informaci\u00f3n contenida en esta p\u00e1gina web est\u00e1 destinada para uso internacional y su fin es solamente informativo. Los detalles espec\u00edficos del producto pueden variar de un pa\u00eds a otro, incluso entre pa\u00edses de la UE. Los cambios pueden afectar la composici\u00f3n, las indicaciones de uso, las especificaciones, las especies de destino, el nombre y otros. Luego, los detalles de cualquier producto en cualquier pa\u00eds deben verificarse con la informaci\u00f3n proporcionada por Liptosa en cada destino y espec\u00edficamente con el etiquetado del producto. En caso de cualquier duda o consulta puedes contactar con Liptosa en <span id=\"mail-disclaimer\"><a href=\"mailto:info@liptosa.com\">info@liptosa.com<\/a><\/span>.<\/p>\n\n\t\t<\/div>\n\t<\/div>\n<\/div><\/div><\/div><\/section>\n","protected":false},"excerpt":{"rendered":"NUESTROS CLIENTESOfrecemos soluciones personalizadas para todos nuestros perfiles de clientes.SOLUCIONES PARA CADA TIPO DE CLIENTEOfrecemos soluciones personalizadas para todos nuestros perfiles de clientesDistribuidoresSoluciones eficientes, rentables y a medida. Adem\u00e1s, aportamos todo el apoyo t\u00e9cnico-comercial necesario.VeterinariosLa nutrici\u00f3n y el bienestar animal son principal objetivo (dentro del marco de la producci\u00f3n)NutricionistasAportamos soluciones con el objetivo de mejorar...","protected":false},"author":3,"featured_media":0,"parent":0,"menu_order":0,"comment_status":"closed","ping_status":"closed","template":"custom-page.php","meta":{"footnotes":""},"class_list":["post-259","page","type-page","status-publish","hentry"," nt-post-class"],"_links":{"self":[{"href":"https:\/\/liptosa.com\/en\/wp-json\/wp\/v2\/pages\/259","targetHints":{"allow":["GET"]}}],"collection":[{"href":"https:\/\/liptosa.com\/en\/wp-json\/wp\/v2\/pages"}],"about":[{"href":"https:\/\/liptosa.com\/en\/wp-json\/wp\/v2\/types\/page"}],"author":[{"embeddable":true,"href":"https:\/\/liptosa.com\/en\/wp-json\/wp\/v2\/users\/3"}],"replies":[{"embeddable":true,"href":"https:\/\/liptosa.com\/en\/wp-json\/wp\/v2\/comments?post=259"}],"version-history":[{"count":92,"href":"https:\/\/liptosa.com\/en\/wp-json\/wp\/v2\/pages\/259\/revisions"}],"predecessor-version":[{"id":3255,"href":"https:\/\/liptosa.com\/en\/wp-json\/wp\/v2\/pages\/259\/revisions\/3255"}],"wp:attachment":[{"href":"https:\/\/liptosa.com\/en\/wp-json\/wp\/v2\/media?parent=259"}],"curies":[{"name":"wp","href":"https:\/\/api.w.org\/{rel}","templated":true}]}}