{"id":238,"date":"2019-02-05T07:05:06","date_gmt":"2019-02-05T07:05:06","guid":{"rendered":"https:\/\/ninetheme.com\/themes\/agro\/?page_id=238"},"modified":"2023-11-13T15:03:14","modified_gmt":"2023-11-13T15:03:14","slug":"sobre-nosotros","status":"publish","type":"page","link":"https:\/\/liptosa.com\/en\/sobre-nosotros\/","title":{"rendered":"About us"},"content":{"rendered":"<div class=\"agro-section-wrapper\"><div class=\"nt-column\"><div class=\"nt-shortcode-wrapper \"><div id=\"hero\" class=\"nt-shortcode-hero jarallax section_69fcbdafad76d vc_custom_1621244354671\" data-speed=\"0.7\" data-img-position=\"50% 80%\" data-res-css=\"          \"><div class=\"container\"><div class=\"row\"><div class=\"col-12 col-lg-7 \"><h1 class=\"__title\"><span>SOBRE<\/span> NOSOTROS<\/h1><p class=\"nt-hero-desc\">Ponemos nuestro conocimiento a tu servicio.<\/p><\/div><\/div><\/div><\/div><\/div><\/div><\/div><div class=\"nt_clearfix\"><\/div><div class=\"agro-section-wrapper\"><div class=\"bg-img-nosotros nt-column\"><div class=\"nt-shortcode-wrapper \"><div class=\"section section--no-pb about--1 md-hide-bg item_69fcbdafadf60 vc_custom_1699887738469\" data-res-css=\"              \"><div class=\"container\"><div class=\"section-heading\"><h2 class=\"__title\">THE GREEN <span>WAY OF LIFE<\/span><\/h2><\/div><div class=\"row\"><div class=\"col-12 col-lg-6 col-xl-8\">Estamos especializados en nutrici\u00f3n animal, y apostamos por un crecimiento \u00f3ptimo e integral de los animales, con la seguridad de que una nutrici\u00f3n adecuada es esencial para mejorar el correcto desarrollo de los animales y su bienestar.<\/p>\n<p>LIPTOSA es una empresa familiar fundada en 1996, comprometida a proporcionar soluciones eficaces a nutricionistas, veterinarios y ganaderos en el sector de nutrici\u00f3n animal.<\/p>\n<p>Fieles a la filosof\u00eda \u201cthe green way of life\u201d, buscamos la forma m\u00e1s sostenible de obtener productos efectivos, siguiendo las estrictas regulaciones europeas y aprovechando los recursos proporcionados por la naturaleza.<\/p>\n<p>Actualmente, LIPTOSA est\u00e1 presente en m\u00e1s de 60 pa\u00edses distribuidos en los cinco continentes. Somos capaces de abordar los desaf\u00edos globales de manera espec\u00edfica, ofreciendo soluciones a medida para cada cliente.<\/p>\n<p>Desde el principio, nuestra investigaci\u00f3n se ha centrado en atender las necesidades de diferentes especies animales en escenarios de producci\u00f3n vers\u00e1tiles. Gracias al conocimiento de esta diversidad, proporcionamos un enfoque individual y ofrecemos soluciones adaptadas para cada sector productivo.<p><a class=\"custom-btn custom-btn--medium custom-btn--style-1\" href=\"https:\/\/liptosa.com\/contacto\/\">Contacta con nosotros<\/a><\/p><\/div><\/div><\/div><\/div><\/div><\/div><\/div><div class=\"nt_clearfix\"><\/div><div class=\"agro-section-wrapper\"><div class=\"nt-column\"><div class=\"nt-shortcode-wrapper \"><div class=\"section counter_69fcbdafae755\"><div class=\"container\"><div class=\"counter\"><div class=\"__inner\"><div class=\"row justify-content-sm-center justify-content-lg-around\"><div class=\"col-12 col-sm-8 col-md-6 col-lg-5 col-xl-3\"><div class=\"__item\" data-aos=\"zoom-in\" data-aos-delay=\"350\" data-aos-offset=\"150\"><div class=\"d-table\"><div class=\"d-table-cell align-middle\"><i class=\"__ico\"><img decoding=\"async\" src=\"https:\/\/liptosa.com\/wp-content\/uploads\/2021\/03\/Shape.png\" class=\"img-fluid\" alt=\"LIPTOSA_EXPERIENCIA\"><\/i><\/div><div class=\"d-table-cell align-middle\"><p class=\"__count js-count\" data-from=\"0\" data-to=\"25\">25<\/p><p class=\"__title\">a\u00f1os de experiencia<\/p><\/div><\/div><\/div><\/div><div class=\"col-12 col-sm-8 col-md-6 col-lg-5 col-xl-3\"><div class=\"__item\" data-aos=\"zoom-in\" data-aos-delay=\"350\" data-aos-offset=\"300\"><div class=\"d-table\"><div class=\"d-table-cell align-middle\"><i class=\"__ico\"><img decoding=\"async\" src=\"https:\/\/liptosa.com\/wp-content\/uploads\/2021\/03\/liptosa-paises.png\" class=\"img-fluid\" alt=\"LIPTOSA_PAISES\"><\/i><\/div><div class=\"d-table-cell align-middle\"><p class=\"__count js-count\" data-from=\"0\" data-to=\"61\">61<\/p><p class=\"__title\">pa\u00edses con presencia<\/p><\/div><\/div><\/div><\/div><div class=\"col-12 col-sm-8 col-md-6 col-lg-5 col-xl-3\"><div class=\"__item\" data-aos=\"zoom-in\" data-aos-delay=\"350\" data-aos-offset=\"450\"><div class=\"d-table\"><div class=\"d-table-cell align-middle\"><i class=\"__ico\"><img decoding=\"async\" src=\"https:\/\/liptosa.com\/wp-content\/uploads\/2021\/03\/profesionales-liptosa.png\" class=\"img-fluid\" alt=\"profesionales-liptosa\"><\/i><\/div><div class=\"d-table-cell align-middle\"><p class=\"__count js-count\" data-from=\"0\" data-to=\"50\">50<\/p><p class=\"__title\">profesionales<\/p><\/div><\/div><\/div><\/div><div class=\"col-12 col-sm-8 col-md-6 col-lg-5 col-xl-3\"><div class=\"__item\" data-aos=\"zoom-in\" data-aos-delay=\"350\" data-aos-offset=\"450\"><div class=\"d-table\"><div class=\"d-table-cell align-middle\"><i class=\"__ico\"><img decoding=\"async\" src=\"https:\/\/liptosa.com\/wp-content\/uploads\/2021\/03\/formulacion.png\" class=\"img-fluid\" alt=\"formulacion\"><\/i><\/div><div class=\"d-table-cell align-middle\"><p class=\"__count js-count\" data-from=\"0\" data-to=\"100\">100<\/p><p class=\"__title\">f\u00f3rmulas personalizadas<\/p><\/div><\/div><\/div><\/div><\/div><\/div><\/div><\/div><\/div><\/div><\/div><\/div><div class=\"nt_clearfix\"><\/div><div class=\"agro-section-wrapper\"><div class=\"nt-column\"><div class=\"nt-shortcode-wrapper \"><div class=\"section section--gutter section--base-bg section--custom-02 section_69fcbdafaff59 vc_custom_1699887785361\" data-res-css=\"   .section.section_69fcbdafaff59 .section-heading .__title {color: #ffffff; } .section.section_69fcbdafaff59 .section-heading .__title span{color: #ffffff; }  .section.section_69fcbdafaff59 .timeline .__year{color: #ffffff; } .section.section_69fcbdafaff59 .timeline .__title{color: #ffffff; } .section.section_69fcbdafaff59 .timeline p{color: #ffffff; } .section.section_69fcbdafaff59 .timeline .__item:before{border-color: #aac44a; } .section.section_69fcbdafaff59 .timeline .__ico{border-color: #aac44a; } .section.section_69fcbdafaff59 .timeline .__ico:before{background-color: #aac44a; }\"><div class=\"container\"><div class=\"section-heading\" data-aos=\"fade\"><h2 class=\"__title\">Nuestros <span>Hitos<\/span><\/h2><\/div><div class=\"timeline\"><div class=\"__inner\"><div class=\"row\"><div class=\"col-12 col-md-3\"><div class=\"__item\"><i class=\"__ico\"><\/i><div class=\"row\"><div class=\"col-lg-11 col-xl-9\"><p class=\"__year\">1996<\/p><h5 class=\"__title\">Se constituye la empresa<\/h5><p>Nuestro negocio principal era la fabricaci\u00f3n de piensos y correctores.<\/p><\/div><\/div><\/div><\/div><div class=\"col-12 col-md-3\"><div class=\"__item\"><i class=\"__ico\"><\/i><div class=\"row\"><div class=\"col-lg-11 col-xl-9\"><p class=\"__year\">2000<\/p><h5 class=\"__title\">primera l\u00ednea de productos bot\u00e1nicos.<\/h5><p>Se desarrolla la primera l\u00ednea de productos bot\u00e1nicos para acuicultura y posteriormente para ganader\u00eda.<\/p><\/div><\/div><\/div><\/div><div class=\"col-12 col-md-3\"><div class=\"__item\"><i class=\"__ico\"><\/i><div class=\"row\"><div class=\"col-lg-11 col-xl-9\"><p class=\"__year\">2004<\/p><h5 class=\"__title\">expansi\u00f3n a todo el mundo<\/h5><p>R\u00e1pida expansi\u00f3n a mercado de todo el mundo gracias al desarrollo y buenos resultados de esta l\u00ednea de negocio.<\/p><\/div><\/div><\/div><\/div><div class=\"col-12 col-md-3\"><div class=\"__item\"><i class=\"__ico\"><\/i><div class=\"row\"><div class=\"col-lg-11 col-xl-9\"><p class=\"__year\">2014<\/p><h5 class=\"__title\">LIPTOAQUA<\/h5><p>Se crea la divisi\u00f3n Liptoaqua especializada en soluciones para acuicultura.<\/p><\/div><\/div><\/div><\/div><div class=\"col-12 col-md-3\"><div class=\"__item\"><i class=\"__ico\"><\/i><div class=\"row\"><div class=\"col-lg-11 col-xl-9\"><p class=\"__year\">2015<\/p><h5 class=\"__title\">PYME Innovadora<\/h5><p>Obtenemos el reconocimiento de PYME Innovadora otorgado por el Ministerio de Ciencia, Innovaci\u00f3n y Universidades.<\/p><\/div><\/div><\/div><\/div><div class=\"col-12 col-md-3\"><div class=\"__item\"><i class=\"__ico\"><\/i><div class=\"row\"><div class=\"col-lg-11 col-xl-9\"><p class=\"__year\">2017<\/p><h5 class=\"__title\">CEPYME 500<\/h5><p>Obtenemos el reconocimiento de CEPYME 500 para las PYMEs con mayor crecimiento.<\/p><\/div><\/div><\/div><\/div><div class=\"col-12 col-md-3\"><div class=\"__item\"><i class=\"__ico\"><\/i><div class=\"row\"><div class=\"col-lg-11 col-xl-9\"><p class=\"__year\">2017<\/p><h5 class=\"__title\">certificaci\u00f3n ECOL\u00d3GICA<\/h5><p>Lanzamos los primeros productos con la certificaci\u00f3n ECOL\u00d3GICA.<\/p><\/div><\/div><\/div><\/div><div class=\"col-12 col-md-3\"><div class=\"__item\"><i class=\"__ico\"><\/i><div class=\"row\"><div class=\"col-lg-11 col-xl-9\"><p class=\"__year\">2018<\/p><h5 class=\"__title\">Obtenci\u00f3n de la certificaci\u00f3n FAMI-QS<\/h5><\/div><\/div><\/div><\/div><div class=\"col-12 col-md-3\"><div class=\"__item\"><i class=\"__ico\"><\/i><div class=\"row\"><div class=\"col-lg-11 col-xl-9\"><p class=\"__year\">2019<\/p><h5 class=\"__title\">Ampliaci\u00f3n de la f\u00e1brica<\/h5><\/div><\/div><\/div><\/div><\/div><\/div><\/div><\/div><\/div><\/div><\/div><\/div><div class=\"nt_clearfix\"><\/div><div class=\"agro-section-wrapper\"><div class=\"nt-column\"><div class=\"nt-shortcode-wrapper \"><div class=\"section section--no-pb section--custom-03 section_69fcbdafb07fb vc_custom_1621597266151\" data-res-css=\"        \"><div class=\"container\"><div class=\"section-heading section-heading--center\" data-aos=\"fade\"><h2 class=\"__title\">Nuestros <span>Clientes<\/span><\/h2><p>El servicio de atenci\u00f3n al cliente se complementa con un soporte de mercadotecnia, t\u00e9cnico y comercial a trav\u00e9s de la participaci\u00f3n en ferias y congresos, as\u00ed como la capacitaci\u00f3n de t\u00e9cnicos de distribuidores y gerentes de ventas.<\/p><\/div><div class=\"team\"><div class=\"__inner\"><div class=\"row\"><div class=\"col-12 col-md-6 col-lg-4\"><div class=\"__item\"><figure class=\"__image\"><img decoding=\"async\" src=\"https:\/\/liptosa.com\/wp-content\/uploads\/2021\/05\/veterinario-clientes-liptosa.png\" class=\"img-fluid\" alt=\"veterinario-clientes-liptosa\"><\/figure><div class=\"__content\"><h5 class=\"__title\">William Doe<\/h5><span>Veterinario<\/span><\/div><\/div><\/div><div class=\"col-12 col-md-6 col-lg-4\"><div class=\"__item\"><figure class=\"__image\"><img decoding=\"async\" src=\"https:\/\/liptosa.com\/wp-content\/uploads\/2021\/05\/veterinario-liptosa.png\" class=\"img-fluid\" alt=\"veterinario-liptosa\"><\/figure><div class=\"__content\"><h5 class=\"__title\">Danilo Mahinay<\/h5><span>Ganadero<\/span><\/div><\/div><\/div><div class=\"col-12 col-md-6 col-lg-4\"><div class=\"__item\"><figure class=\"__image\"><img decoding=\"async\" src=\"https:\/\/liptosa.com\/wp-content\/uploads\/2021\/05\/granjero-cliente-liptosa-1.png\" class=\"img-fluid\" alt=\"granjero-cliente-liptosa\"><\/figure><div class=\"__content\"><h5 class=\"__title\">Francisco Hern\u00e1ndez<\/h5><span>Ganadero<\/span><\/div><\/div><\/div><div class=\"col-12 col-md-6 col-lg-4\"><div class=\"__item\"><figure class=\"__image\"><img decoding=\"async\" src=\"https:\/\/liptosa.com\/wp-content\/uploads\/2021\/05\/granjera-cliente-liptosa.png\" class=\"img-fluid\" alt=\"granjera-cliente-liptosa\"><\/figure><div class=\"__content\"><h5 class=\"__title\">Nuria Fernandez<\/h5><span>Granjera<\/span><\/div><\/div><\/div><div class=\"col-12 col-md-6 col-lg-4\"><div class=\"__item\"><figure class=\"__image\"><img decoding=\"async\" src=\"https:\/\/liptosa.com\/wp-content\/uploads\/2021\/05\/veterinario-cliente-liptosa.png\" class=\"img-fluid\" alt=\"veterinario-cliente-liptosa\"><\/figure><div class=\"__content\"><h5 class=\"__title\">Diara Ilunga<\/h5><span>Ganadero<\/span><\/div><\/div><\/div><div class=\"col-12 col-md-6 col-lg-4\"><div class=\"__item\"><figure class=\"__image\"><img decoding=\"async\" src=\"https:\/\/liptosa.com\/wp-content\/uploads\/2021\/05\/iStock-1151195266.jpg\" class=\"img-fluid\" alt=\"VETERINARIA LIPTOSA EQUINO\"><\/figure><div class=\"__content\"><h5 class=\"__title\">Anna Moretti<\/h5><span>Veterinaria<\/span><\/div><\/div><\/div><\/div><\/div><\/div><\/div><\/div><\/div><\/div><\/div><div class=\"nt_clearfix\"><\/div><div class=\"agro-section-wrapper\"><div class=\"nt-column col-sm-12\"><div class=\"nt-shortcode-wrapper \"><div class=\"section  section_69fcbdafb2d35\" data-res-css=\"     \"><div class=\"container\"><div class=\"section-heading section-heading--center\" data-aos=\"fade\"><h2 class=\"__title\">COLABORADORES <span>TECNOL\u00d3GICOS<\/span><\/h2><\/div><div class=\"partners-list\"><div class=\"js-slick\" data-slick='{\"slidesToShow\": 5,\"autoplay\": true,\"arrows\": false,\"dots\": true,\"pauseOnHover\": true,\"speed\": 1000,\"responsive\": [{\"breakpoint\":576,\"settings\":{\"slidesToShow\": 1}},{\"breakpoint\":767,\"settings\":{\"slidesToShow\": 3}},{\"breakpoint\":991,\"settings\":{\"slidesToShow\": 4}},{\"breakpoint\":1199,\"settings\":{\"autoplay\": false,\"dots\": false,\"slidesToShow\": 5}}]}'><div class=\"__item\"><img decoding=\"async\" src=\"https:\/\/liptosa.com\/wp-content\/uploads\/2021\/03\/logo_SPAROS_100x52cm.png\" class=\"img-fluid m-auto\" alt=\"logo_SPAROS\"><\/div><div class=\"__item\"><img decoding=\"async\" src=\"https:\/\/liptosa.com\/wp-content\/uploads\/2021\/03\/logo-cartif-small.png\" class=\"img-fluid m-auto\" alt=\"logo-cartif-TECNOLOGICO\"><\/div><div class=\"__item\"><img decoding=\"async\" src=\"https:\/\/liptosa.com\/wp-content\/uploads\/2021\/03\/irtagencat.jpg\" class=\"img-fluid m-auto\" alt=\"irta+gencat\"><\/div><div class=\"__item\"><img decoding=\"async\" src=\"https:\/\/liptosa.com\/wp-content\/uploads\/2021\/03\/ctaqua_logo.png\" class=\"img-fluid m-auto\" alt=\"ctaqua_logo\"><\/div><div class=\"__item\"><img decoding=\"async\" src=\"https:\/\/liptosa.com\/wp-content\/uploads\/2021\/04\/VISAVET-logo-1.png\" class=\"img-fluid m-auto\" alt=\"VISAVET- ucm\"><\/div><div class=\"__item\"><img decoding=\"async\" src=\"https:\/\/liptosa.com\/wp-content\/uploads\/2021\/04\/ainia-sello-positivo.png\" class=\"img-fluid m-auto\" alt=\"ainia-innovacion-continua\"><\/div><\/div><\/div><\/div><\/div><\/div><\/div><\/div><div class=\"nt_clearfix\"><\/div><div class=\"agro-section-wrapper ptb-140 section section--dark-bg vc_custom_1549793979536 nt_section_15413627 nt-has-responsive-data\" data-res-css=\"@media (max-width: 992px) {.nt_section_15413627{ padding-bottom: 84px !important; }} @media (max-width: 768px) {.nt_section_15413627{ padding-bottom: 54px !important; }}\"><div class=\"container container-stretch\"><div class=\"row\"><div class=\"section-heading--white nt-column col-sm-12\"><div class=\"nt-shortcode-wrapper \"><div class=\"section-heading section-heading--center item_69fcbdafb5217\" data-res-css=\"     \" data-aos=\"fade\"><h2 class=\"__title\">PONTE <span>EN CONTACTO<\/span><\/h2><p>Escr\u00edbenos para cualquier tipo de consulta que pueda surgir<\/p><\/div>\n<div class=\"wpcf7 no-js\" id=\"wpcf7-f1180-o1\" lang=\"en-US\" dir=\"ltr\" data-wpcf7-id=\"1180\">\n<div class=\"screen-reader-response\"><p role=\"status\" aria-live=\"polite\" aria-atomic=\"true\"><\/p> <ul><\/ul><\/div>\n<form action=\"\/en\/wp-json\/wp\/v2\/pages\/238#wpcf7-f1180-o1\" method=\"post\" class=\"wpcf7-form init\" aria-label=\"Contact form\" novalidate=\"novalidate\" data-status=\"init\">\n<fieldset class=\"hidden-fields-container\"><input type=\"hidden\" name=\"_wpcf7\" value=\"1180\" \/><input type=\"hidden\" name=\"_wpcf7_version\" value=\"6.1.5\" \/><input type=\"hidden\" name=\"_wpcf7_locale\" value=\"en_US\" \/><input type=\"hidden\" name=\"_wpcf7_unit_tag\" value=\"wpcf7-f1180-o1\" \/><input type=\"hidden\" name=\"_wpcf7_container_post\" value=\"0\" \/><input type=\"hidden\" name=\"_wpcf7_posted_data_hash\" value=\"\" \/><input type=\"hidden\" name=\"_wpcf7_recaptcha_response\" value=\"\" \/>\n<\/fieldset>\n<div class=\"contact-form form-home\">\n\t<div class=\"row\">\n\t\t<div class=\"col-12 col-md-4\">\n\t\t\t<div class=\"input-wrp\">\n\t\t\t\t<p><span class=\"wpcf7-form-control-wrap\" data-name=\"nombre\"><input size=\"40\" maxlength=\"400\" class=\"wpcf7-form-control wpcf7-text wpcf7-validates-as-required textfield\" aria-required=\"true\" aria-invalid=\"false\" placeholder=\"Nombre\" value=\"\" type=\"text\" name=\"nombre\" \/><\/span>\n\t\t\t\t<\/p>\n\t\t\t<\/div>\n\t\t<\/div>\n\t\t<p><span id=\"wpcf7-69fcbdafb5d43-wrapper\" class=\"wpcf7-form-control-wrap lip-wrap\" style=\"display:none !important; visibility:hidden !important;\"><label for=\"wpcf7-69fcbdafb5d43-field\" class=\"hp-message\">Please leave this field empty.<\/label><input id=\"wpcf7-69fcbdafb5d43-field\"  class=\"wpcf7-form-control wpcf7-text\" type=\"text\" name=\"lip\" value=\"\" size=\"40\" tabindex=\"-1\" autocomplete=\"off\" \/><\/span>\n\t\t<\/p>\n\t\t<div class=\"col-12 col-md-4\">\n\t\t\t<div class=\"input-wrp col-12\">\n\t\t\t\t<p><span class=\"wpcf7-form-control-wrap\" data-name=\"email\"><input size=\"40\" maxlength=\"400\" class=\"wpcf7-form-control wpcf7-text wpcf7-validates-as-required textfield\" aria-required=\"true\" aria-invalid=\"false\" placeholder=\"E-mail\" value=\"\" type=\"text\" name=\"email\" \/><\/span>\n\t\t\t\t<\/p>\n\t\t\t<\/div>\n\t\t<\/div>\n\t\t<div class=\"col-12 col-md-4\">\n\t\t\t<div class=\"input-wrp\">\n\t\t\t\t<p><span class=\"wpcf7-form-control-wrap\" data-name=\"countrytext-563\"><input size=\"40\" class=\"wpcf7-form-control wpcf7-countrytext wpcf7-validates-as-required wpcf7-text wpcf7-validates-as-countrytext\" aria-required=\"true\" aria-invalid=\"false\" value=\"\" type=\"text\" name=\"countrytext-563\" \/><\/span>\n\t\t\t\t<\/p>\n\t\t\t<\/div>\n\t\t<\/div>\n\t\t<div class=\"input-wrp col-12\">\n\t\t\t<p><span class=\"wpcf7-form-control-wrap\" data-name=\"contenido\"><textarea cols=\"10\" rows=\"2\" maxlength=\"2000\" class=\"wpcf7-form-control wpcf7-textarea wpcf7-validates-as-required textfield\" aria-required=\"true\" aria-invalid=\"false\" placeholder=\"Comentarios\" name=\"contenido\"><\/textarea><\/span>\n\t\t\t<\/p>\n\t\t<\/div>\n\t\t<div class=\"col-12 mt-5\">\n\t\t\t<p><span class=\"wpcf7-form-control-wrap\" data-name=\"acceptance-983\"><span class=\"wpcf7-form-control wpcf7-acceptance\"><span class=\"wpcf7-list-item\"><label><input type=\"checkbox\" name=\"acceptance-983\" value=\"1\" class=\"m-0\" aria-invalid=\"false\" \/><span class=\"wpcf7-list-item-label\">Acepto la <a href=\"https:\/\/liptosa.com\/politica-de-privacidad\/\" target=\"_blank\">pol\u00edtica de privacidad<\/a><\/span><\/label><\/span><\/span><\/span>\n\t\t\t<\/p>\n\t\t<\/div>\n\t\t<p><input class=\"wpcf7-form-control wpcf7-submit has-spinner custom-btn custom-btn--medium custom-btn--style-3 wide\" type=\"submit\" value=\"Enviar\" \/>\n\t\t<\/p>\n\t<\/div>\n<\/div><div class=\"wpcf7-response-output\" aria-hidden=\"true\"><\/div>\n<\/form>\n<\/div>\n<\/div><\/div><\/div><\/div><\/div><div class=\"nt_clearfix\"><\/div><div data-vc-full-width=\"true\" data-vc-full-width-init=\"false\" data-vc-stretch-content=\"true\" class=\"vc_row wpb_row vc_row-fluid vc_row-no-padding\"><div class=\"nt-column col-sm-12\"><div class=\"nt-shortcode-wrapper \"><div class=\"section section--no-pt section--no-pb\" style=\"min-height: 255px\"><div class=\"g_map\" data-zoom=\"15\" data-api-key=\"AIzaSyDuRbvUq7qG2c1_0ywKf6hAcKfiJMtWUQg\" data-longitude=\"40.44142566490691\" data-latitude=\"-3.6235289312737056\" data-marker=\"https:\/\/liptosa.com\/wp-content\/uploads\/2021\/04\/liptosa_pequeno_google_v02.jpg\" style=\"min-height: 255px\"><\/div><\/div><\/div><\/div><\/div><div class=\"vc_row-full-width vc_clearfix\"><\/div><div class=\"vc_row wpb_row vc_row-fluid disclamer\"><div class=\"nt-column col-sm-12\"><div class=\"nt-shortcode-wrapper \">\n\t<div class=\"wpb_text_column wpb_content_element \" >\n\t\t<div class=\"wpb_wrapper\">\n\t\t\t<p>Exenci\u00f3n de responsabilidad: La informaci\u00f3n contenida en esta p\u00e1gina web est\u00e1 destinada para uso internacional y su fin es solamente informativo. Los detalles espec\u00edficos del producto pueden variar de un pa\u00eds a otro, incluso entre pa\u00edses de la UE. Los cambios pueden afectar la composici\u00f3n, las indicaciones de uso, las especificaciones, las especies de destino, el nombre y otros. Luego, los detalles de cualquier producto en cualquier pa\u00eds deben verificarse con la informaci\u00f3n proporcionada por Liptosa en cada destino y espec\u00edficamente con el etiquetado del producto. En caso de cualquier duda o consulta puedes contactar con Liptosa en <span id=\"\"><a href=\"mailto:info@liptosa.com\">info@liptosa.com<\/a><\/span>.<\/p>\n\n\t\t<\/div>\n\t<\/div>\n<\/div><\/div><\/div>\n","protected":false},"excerpt":{"rendered":"SOBRE NOSOTROSPonemos nuestro conocimiento a tu servicio.THE GREEN WAY OF LIFEEstamos especializados en nutrici\u00f3n animal, y apostamos por un crecimiento \u00f3ptimo e integral de los animales, con la seguridad de que una nutrici\u00f3n adecuada es esencial para mejorar el correcto desarrollo de los animales y su bienestar. LIPTOSA es una empresa familiar fundada en 1996,...","protected":false},"author":3,"featured_media":0,"parent":0,"menu_order":0,"comment_status":"closed","ping_status":"closed","template":"custom-page.php","meta":{"footnotes":""},"class_list":["post-238","page","type-page","status-publish","hentry"," nt-post-class"],"_links":{"self":[{"href":"https:\/\/liptosa.com\/en\/wp-json\/wp\/v2\/pages\/238","targetHints":{"allow":["GET"]}}],"collection":[{"href":"https:\/\/liptosa.com\/en\/wp-json\/wp\/v2\/pages"}],"about":[{"href":"https:\/\/liptosa.com\/en\/wp-json\/wp\/v2\/types\/page"}],"author":[{"embeddable":true,"href":"https:\/\/liptosa.com\/en\/wp-json\/wp\/v2\/users\/3"}],"replies":[{"embeddable":true,"href":"https:\/\/liptosa.com\/en\/wp-json\/wp\/v2\/comments?post=238"}],"version-history":[{"count":9,"href":"https:\/\/liptosa.com\/en\/wp-json\/wp\/v2\/pages\/238\/revisions"}],"predecessor-version":[{"id":3086,"href":"https:\/\/liptosa.com\/en\/wp-json\/wp\/v2\/pages\/238\/revisions\/3086"}],"wp:attachment":[{"href":"https:\/\/liptosa.com\/en\/wp-json\/wp\/v2\/media?parent=238"}],"curies":[{"name":"wp","href":"https:\/\/api.w.org\/{rel}","templated":true}]}}