{"id":1555,"date":"2021-04-05T11:05:33","date_gmt":"2021-04-05T11:05:33","guid":{"rendered":"https:\/\/liptosa.com\/?page_id=1555"},"modified":"2023-11-13T14:45:19","modified_gmt":"2023-11-13T14:45:19","slug":"porcino","status":"publish","type":"page","link":"https:\/\/liptosa.com\/en\/productos\/porcino\/","title":{"rendered":"Swine"},"content":{"rendered":"<div class=\"agro-section-wrapper\"><div class=\"nt-column\"><div class=\"nt-shortcode-wrapper\"><div id=\"hero\" class=\"nt-shortcode-hero jarallax section_69fccf7f9af93 vc_custom_1621858437052\" data-speed=\"0.7\" data-img-position=\"50% 80%\" data-res-css=\"      .nt-shortcode-hero.section_69fccf7f9af93 .breadcrumbs__link,.nt-shortcode-hero.section_69fccf7f9af93 .bitem {color: #ffffff; } .nt-shortcode-hero.section_69fccf7f9af93 li.active, .nt-shortcode-hero.section_69fccf7f9af93 .breadcrumbs__link:hover {color: #aac44a; }   \"><div class=\"container\"><div class=\"row\"><div class=\"col-12 col-lg-7\"><h1 class=\"__title translation-block\"><span>SWINE<\/span> PRODUCTS<\/h1><div class=\"shortcode-page-breadcrumbs breadcrumb\"><div class=\"nt-breadcrumbs\"><ul class=\"nt-breadcrumbs-list\"><li class=\"bitem\"><span><a class=\"breadcrumbs__link\" href=\"https:\/\/liptosa.com\/en\/\"><span>Home<\/span><\/a><\/span><\/li><\/ul><\/div><\/div><\/div><\/div><\/div><\/div><\/div><\/div><\/div><div class=\"nt_clearfix\"><\/div><div class=\"agro-section-wrapper product-img d-none\"><div class=\"nt-column\"><div class=\"nt-shortcode-wrapper\"><div class=\"section section--gray-bg section_69fccf7f9bc72\" data-res-css=\"         \"><div class=\"container\"><div class=\"simple-text-block\"><div class=\"row justify-content-lg-center row--lg-middle\"><div class=\"col-lg-10\"><h2 class=\"translation-block\"><span>SWINE<\/span> PRODUCTS<\/h2><div class=\"row justify-content-lg-between no-gutters\"><div class=\"col-12 col-lg-6\">Una de las especies de mayor relevancia tanto en el mercado nacional como internacional merece una especial atenci\u00f3n. Las diferentes razas y sistemas productivos requieren de soluciones y productos diferenciados. En Liptosa conocemos estas diferencias y las mejoras alternativas para optimizar su producci\u00f3n. Nuestra investigaci\u00f3n es permanente, para poder mantenernos a la vanguardia de los \u00faltimos avances tecnol\u00f3gicos y ponerla a disposici\u00f3n de nuestros clientes.<\/div><div class=\"col-12 my-3 d-lg-none\"><\/div><div class=\"col-12 col-lg-5\"><img decoding=\"async\" src=\"https:\/\/liptosa.com\/wp-content\/uploads\/2021\/04\/porcino_2.png\" class=\"img-fluid\" alt=\"porcino_2.png\"><\/div><\/div><div class=\"product-description\"><div class=\"my-5\"><\/div><div class=\"__details\"><div class=\"__details__inner\"><div class=\"row\"><div class=\"col-12 col-sm-auto\"><div class=\"__details__item\"><\/div><\/div><\/div><\/div><\/div><\/div><\/div><\/div><\/div><\/div><\/div><\/div><\/div><\/div><div class=\"nt_clearfix\"><\/div><div class=\"agro-section-wrapper\"><div class=\"nt-column\"><div class=\"nt-shortcode-wrapper\">\n\t<div class=\"wpb_raw_code wpb_content_element wpb_raw_html\" >\n\t\t<div class=\"wpb_wrapper\">\n\t\t\t<div class=\"animal-products\">\n<div class=\"container section d-flex flex-column justify-content-center\">\n    <h2 class=\"__title text-center translation-block\"><span>OUR<\/span> PRODUCTS<\/h2>\n    <div class=\"row\">\n        <div class=\"col-12 col-sm-8 col-md-6 col-lg-2 col-xl-2\">\n            <a href=\"#fitobioticos\" class=\"d-flex justify-content-center align-items-center\">\n                <p class=\"__title m-0\">BOTANICAL COMPOUNDS<\/p>\n                <img decoding=\"async\" class=\"ml-2\" src=\"https:\/\/liptosa.com\/wp-content\/uploads\/2021\/05\/1.FOTOBIOTICOS-B_Mesa-de-trabajo-1.png\" alt=\"avicultura\">\n            <\/a>\n        <\/div>\n        <div class=\"col-12 col-sm-8 col-md-6 col-lg-2 col-xl-2\">\n            <a href=\"#nutraceuticos\" class=\"d-flex justify-content-center align-items-center\">\n                <p class=\"__title m-0\">FUNCTIONAL FEED<\/p>\n                <img decoding=\"async\" class=\"ml-2\" src=\"https:\/\/liptosa.com\/wp-content\/uploads\/2021\/05\/2.NUTRACEUTICOS_Mesa-de-trabajo-1.png\" alt=\"rumiantes\">\n            <\/a>\n        <\/div>\n        <div class=\"col-12 col-sm-8 col-md-6 col-lg-2 col-xl-2\">\n            <a href=\"#microtoxinas\" class=\"d-flex justify-content-center align-items-center\">\n                <p class=\"__title m-0\">MYCOTOXIN CHALLENGE<\/p>\n                <img decoding=\"async\" class=\"ml-2\" src=\"https:\/\/liptosa.com\/wp-content\/uploads\/2021\/05\/3.MICOTOXINAS_Mesa-de-trabajo-1.png\" alt=\"porcino\">\n            <\/a>\n        <\/div>\n        <div class=\"col-12 col-sm-8 col-md-6 col-lg-2 col-xl-2\">\n            <a href=\"#higiene-calidad\" target=\"_blank\" class=\"d-flex justify-content-center align-items-center\">\n                <p class=\"__title m-0\">FEED HYGIENE &amp; FEED QUALITY<\/p>\n                <img decoding=\"async\" class=\"ml-2\" src=\"https:\/\/liptosa.com\/wp-content\/uploads\/2021\/07\/hygiene-calidad-pienso.png\" alt=\"acuicultura\">\n            <\/a>\n        <\/div>\n        <div class=\"col-12 col-sm-8 col-md-6 col-lg-2 col-xl-2\">\n            <a href=\"#especialidades\" target=\"_blank\" class=\"d-flex justify-content-center align-items-center\">\n                <p class=\"__title m-0\">LIQUID AND WSP SPECIALITIES<\/p>\n                <img decoding=\"async\" class=\"ml-2\" src=\"https:\/\/liptosa.com\/wp-content\/uploads\/2021\/05\/5.ESPECIALIDADES-LIQUIDAS_Mesa-de-trabajo-1.png\" alt=\"apicultura\">\n            <\/a>\n        <\/div>\n        <div id=\"fitobioticos\" class=\"col-12 col-sm-8 col-md-6 col-lg-2 col-xl-2\">\n            <a href=\"#nutricion\" class=\"d-flex justify-content-center align-items-center\">\n                <p class=\"__title m-0\">NUTRITION<\/p>\n                <img decoding=\"async\" class=\"ml-2\" src=\"https:\/\/liptosa.com\/wp-content\/uploads\/2021\/05\/6.NUTRICION_Mesa-de-trabajo-1.png\" alt=\"mascotas\">\n            <\/a>\n        <\/div>\n    <\/div>\n<\/div>\n<\/div>\n\t\t<\/div>\n\t<\/div>\n<\/div><\/div><\/div><div class=\"nt_clearfix\"><\/div><div class=\"vc_row wpb_row vc_row-fluid section container m-auto productos-main\"><div id=\"fitobioticos\" class=\"nt-column col-sm-12\"><div class=\"nt-shortcode-wrapper\">\n\t<div class=\"wpb_raw_code wpb_content_element wpb_raw_html\" >\n\t\t<div class=\"wpb_wrapper\">\n\t\t\t<h2 class=\"__title text-center\">BOTANICAL COMPOUNDS<\/h2>\n<p class=\"text-center product-description-main\">Thanks to our know-how and synergies between ingredients, we aim to achieve maximum productivity and zootechnical performance.<\/p>\n\t\t<\/div>\n\t<\/div>\n<div class=\"woocommerce columns-4\"><\/div><\/div><\/div><\/div><div class=\"vc_row wpb_row vc_row-fluid section container m-auto productos-main\"><div id=\"nutraceuticos\" class=\"nt-column col-sm-12\"><div class=\"nt-shortcode-wrapper\">\n\t<div class=\"wpb_raw_code wpb_content_element wpb_raw_html\" >\n\t\t<div class=\"wpb_wrapper\">\n\t\t\t<h2 class=\"__title text-center\">FUNCTIONAL FEED<\/h2>\n<p class=\"text-center product-description-main\">A healthy animal is more productive. Our formulas are designed to promote optimal digestibility and nutritional efficiency.<\/p>\n\t\t<\/div>\n\t<\/div>\n<div class=\"woocommerce columns-4\"><\/div><\/div><\/div><\/div><div class=\"vc_row wpb_row vc_row-fluid section container m-auto productos-main\"><div id=\"microtoxinas\" class=\"nt-column col-sm-12\"><div class=\"nt-shortcode-wrapper\">\n\t<div class=\"wpb_raw_code wpb_content_element wpb_raw_html\" >\n\t\t<div class=\"wpb_wrapper\">\n\t\t\t<h2 class=\"__title text-center\">MYCOTOXIN CHALLENGE<\/h2>\n<p class=\"text-center product-description-main\">FINTOX range of additives is designed to meet the challenges of the problems associated with mycotoxicosis by providing effective protection in the mycotoxin control strategy.<\/p>\n\t\t<\/div>\n\t<\/div>\n<div class=\"woocommerce columns-4\"><\/div><\/div><\/div><\/div><div class=\"vc_row wpb_row vc_row-fluid section container m-auto productos-main\"><div id=\"higiene-calidad\" class=\"nt-column col-sm-12\"><div class=\"nt-shortcode-wrapper\">\n\t<div class=\"wpb_raw_code wpb_content_element wpb_raw_html\" >\n\t\t<div class=\"wpb_wrapper\">\n\t\t\t<h2 class=\"__title text-center\">FEED HYGIENE &amp; FEED QUALITY<\/h2>\n<p class=\"text-center product-description-main\">Optimal nutritional and technological quality under ideal manufacturing and storage conditions<\/p>\n\t\t<\/div>\n\t<\/div>\n<div class=\"woocommerce columns-4\"><\/div><\/div><\/div><\/div><div class=\"vc_row wpb_row vc_row-fluid section container m-auto productos-main\"><div id=\"especialidades\" class=\"nt-column col-sm-12\"><div class=\"nt-shortcode-wrapper\">\n\t<div class=\"wpb_raw_code wpb_content_element wpb_raw_html\" >\n\t\t<div class=\"wpb_wrapper\">\n\t\t\t<h2 class=\"__title text-center\">LIQUID AND WSP SPECIALITIES<\/h2>\n<p class=\"text-center product-description-main\">Liquid and water-soluble products to be administered through the drinking water. Easy to use, fast response, safe use<\/p>\n\t\t<\/div>\n\t<\/div>\n<div class=\"woocommerce columns-4\"><\/div><\/div><\/div><\/div><div class=\"vc_row wpb_row vc_row-fluid section container m-auto productos-main\"><div id=\"nutricion\" class=\"nt-column col-sm-12\"><div class=\"nt-shortcode-wrapper\">\n\t<div class=\"wpb_raw_code wpb_content_element wpb_raw_html\" >\n\t\t<div class=\"wpb_wrapper\">\n\t\t\t<h2 class=\"__title text-center\">NUTRITION<\/h2>\n<p class=\"text-center product-description-main\">Specialized products, functional concentrates and customized premixes. Solutions for each productive stage, helping the animals to express their maximum genetic potential<\/p>\n\t\t<\/div>\n\t<\/div>\n<div class=\"woocommerce columns-4\"><\/div><\/div><\/div><\/div><div class=\"agro-section-wrapper section section--dark-bg vc_custom_1549793886963 nt_section_15412906 nt-has-responsive-data\" data-res-css=\"@media (max-width: 992px) {.nt_section_15412906{ padding-bottom: 84px !important; }} @media (max-width: 768px) {.nt_section_15412906{ padding-bottom: 54px !important; }}\"><div class=\"container container-stretch\"><div class=\"row\"><div class=\"section-heading--white nt-column col-sm-12\"><div class=\"nt-shortcode-wrapper\"><div class=\"section-heading section-heading--center item_69fccf7fa1c4e\" data-res-css=\"     \" data-aos=\"fade\"><h2 class=\"__title\">CONTACT <span>US<\/span><\/h2><p>You can contact us with any queries you might have.<\/p><\/div>\n<div class=\"wpcf7 no-js\" id=\"wpcf7-f1180-o1\" lang=\"en-US\" dir=\"ltr\" data-wpcf7-id=\"1180\">\n<div class=\"screen-reader-response\"><p role=\"status\" aria-live=\"polite\" aria-atomic=\"true\"><\/p> <ul><\/ul><\/div>\n<form action=\"\/en\/wp-json\/wp\/v2\/pages\/1555#wpcf7-f1180-o1\" method=\"post\" class=\"wpcf7-form init\" aria-label=\"Contact form\" novalidate=\"novalidate\" data-status=\"init\" data-trp-original-action=\"\/en\/wp-json\/wp\/v2\/pages\/1555#wpcf7-f1180-o1\">\n<fieldset class=\"hidden-fields-container\"><input type=\"hidden\" name=\"_wpcf7\" value=\"1180\" \/><input type=\"hidden\" name=\"_wpcf7_version\" value=\"6.1.5\" \/><input type=\"hidden\" name=\"_wpcf7_locale\" value=\"en_US\" \/><input type=\"hidden\" name=\"_wpcf7_unit_tag\" value=\"wpcf7-f1180-o1\" \/><input type=\"hidden\" name=\"_wpcf7_container_post\" value=\"0\" \/><input type=\"hidden\" name=\"_wpcf7_posted_data_hash\" value=\"\" \/><input type=\"hidden\" name=\"_wpcf7_recaptcha_response\" value=\"\" \/>\n<\/fieldset>\n<div class=\"contact-form form-home\">\n\t<div class=\"row\">\n\t\t<div class=\"col-12 col-md-4\">\n\t\t\t<div class=\"input-wrp\">\n\t\t\t\t<p><span class=\"wpcf7-form-control-wrap\" data-name=\"nombre\"><input size=\"40\" maxlength=\"400\" class=\"wpcf7-form-control wpcf7-text wpcf7-validates-as-required textfield\" aria-required=\"true\" aria-invalid=\"false\" placeholder=\"Name\" value=\"\" type=\"text\" name=\"nombre\" \/><\/span>\n\t\t\t\t<\/p>\n\t\t\t<\/div>\n\t\t<\/div>\n\t\t<p><span id=\"wpcf7-69fccf7fa23bc-wrapper\" class=\"wpcf7-form-control-wrap lip-wrap\" style=\"display:none !important; visibility:hidden !important;\"><label for=\"wpcf7-69fccf7fa23bc-field\" class=\"hp-message\">Please leave this field empty.<\/label><input id=\"wpcf7-69fccf7fa23bc-field\"  class=\"wpcf7-form-control wpcf7-text\" type=\"text\" name=\"lip\" value=\"\" size=\"40\" tabindex=\"-1\" autocomplete=\"off\" \/><\/span>\n\t\t<\/p>\n\t\t<div class=\"col-12 col-md-4\">\n\t\t\t<div class=\"input-wrp col-12\">\n\t\t\t\t<p><span class=\"wpcf7-form-control-wrap\" data-name=\"email\"><input size=\"40\" maxlength=\"400\" class=\"wpcf7-form-control wpcf7-text wpcf7-validates-as-required textfield\" aria-required=\"true\" aria-invalid=\"false\" placeholder=\"Email\" value=\"\" type=\"text\" name=\"email\" \/><\/span>\n\t\t\t\t<\/p>\n\t\t\t<\/div>\n\t\t<\/div>\n\t\t<div class=\"col-12 col-md-4\">\n\t\t\t<div class=\"input-wrp\">\n\t\t\t\t<p><span class=\"wpcf7-form-control-wrap\" data-name=\"countrytext-563\"><input size=\"40\" class=\"wpcf7-form-control wpcf7-countrytext wpcf7-validates-as-required wpcf7-text wpcf7-validates-as-countrytext\" aria-required=\"true\" aria-invalid=\"false\" value=\"\" type=\"text\" name=\"countrytext-563\" \/><\/span>\n\t\t\t\t<\/p>\n\t\t\t<\/div>\n\t\t<\/div>\n\t\t<div class=\"input-wrp col-12\">\n\t\t\t<p><span class=\"wpcf7-form-control-wrap\" data-name=\"contenido\"><textarea cols=\"10\" rows=\"2\" maxlength=\"2000\" class=\"wpcf7-form-control wpcf7-textarea wpcf7-validates-as-required textfield\" aria-required=\"true\" aria-invalid=\"false\" placeholder=\"Comments\" name=\"contenido\"><\/textarea><\/span>\n\t\t\t<\/p>\n\t\t<\/div>\n\t\t<div class=\"col-12 mt-5\">\n\t\t\t<p><span class=\"wpcf7-form-control-wrap\" data-name=\"acceptance-983\"><span class=\"wpcf7-form-control wpcf7-acceptance\"><span class=\"wpcf7-list-item\"><label><input type=\"checkbox\" name=\"acceptance-983\" value=\"1\" class=\"m-0\" aria-invalid=\"false\" \/><span class=\"wpcf7-list-item-label\">I accept the <a href=\"https:\/\/liptosa.com\/en\/politica-de-privacidad\/\" target=\"_blank\">privacy policy<\/a><\/span><\/label><\/span><\/span><\/span>\n\t\t\t<\/p>\n\t\t<\/div>\n\t\t<p><input class=\"wpcf7-form-control wpcf7-submit has-spinner custom-btn custom-btn--medium custom-btn--style-3 wide\" type=\"submit\" value=\"Send\" \/>\n\t\t<\/p>\n\t<\/div>\n<\/div><div class=\"wpcf7-response-output\" aria-hidden=\"true\"><\/div>\n<input type=\"hidden\" name=\"trp-form-language\" value=\"en\"\/><\/form>\n<\/div>\n<\/div><\/div><\/div><\/div><\/div><div class=\"nt_clearfix\"><\/div><div class=\"agro-section-wrapper\"><div class=\"nt-column\"><div class=\"nt-shortcode-wrapper\"><div class=\"section section--no-pt section--no-pb\" style=\"min-height: 255px\"><div class=\"g_map\" data-zoom=\"15\" data-api-key=\"AIzaSyDuRbvUq7qG2c1_0ywKf6hAcKfiJMtWUQg\" data-longitude=\"40.4410686262598\" data-latitude=\"-3.6234123105550506\" data-marker=\"https:\/\/liptosa.com\/wp-content\/uploads\/2021\/04\/liptosa_pequeno_google_v02.jpg\" style=\"min-height: 255px\"><\/div><\/div><\/div><\/div><\/div><div class=\"nt_clearfix\"><\/div><div class=\"vc_row wpb_row vc_row-fluid disclamer\"><div class=\"nt-column col-sm-12\"><div class=\"nt-shortcode-wrapper\">\n\t<div class=\"wpb_text_column wpb_content_element\" >\n\t\t<div class=\"wpb_wrapper\">\n\t\t\t<p>Disclaimer: The info contained within this web page is intended for international use and is for information only. Specific product details may vary from country to country, including among EU countries. Changes can affect to composition, indications of use, specifications, target species, but also product name and others. Then product details of any particular product in any country should be checked with the information supplied by Liptosa in these country and specifically with the product labelling. In case of any question or doubt you can contact Liptosa in\u00a0<span id=\"cloak5153a28245022a7ecd408783cd462aac\"><a href=\"mailto:info@liptosa.com\">info@liptosa.com<\/a><\/span>.<\/p>\n\n\t\t<\/div>\n\t<\/div>\n<\/div><\/div><\/div>","protected":false},"excerpt":{"rendered":"PRODUCTOS PARA GANADO PORCINOHomePRODUCTOS PARA GANADO PORCINOUna de las especies de mayor relevancia tanto en el mercado nacional como internacional merece una especial atenci\u00f3n. Las diferentes razas y sistemas productivos requieren de soluciones y productos diferenciados. En Liptosa conocemos estas diferencias y las mejoras alternativas para optimizar su producci\u00f3n. Nuestra investigaci\u00f3n es permanente, para poder...","protected":false},"author":3,"featured_media":0,"parent":274,"menu_order":0,"comment_status":"closed","ping_status":"closed","template":"custom-page.php","meta":{"footnotes":""},"class_list":["post-1555","page","type-page","status-publish","hentry"," nt-post-class"],"_links":{"self":[{"href":"https:\/\/liptosa.com\/en\/wp-json\/wp\/v2\/pages\/1555","targetHints":{"allow":["GET"]}}],"collection":[{"href":"https:\/\/liptosa.com\/en\/wp-json\/wp\/v2\/pages"}],"about":[{"href":"https:\/\/liptosa.com\/en\/wp-json\/wp\/v2\/types\/page"}],"author":[{"embeddable":true,"href":"https:\/\/liptosa.com\/en\/wp-json\/wp\/v2\/users\/3"}],"replies":[{"embeddable":true,"href":"https:\/\/liptosa.com\/en\/wp-json\/wp\/v2\/comments?post=1555"}],"version-history":[{"count":7,"href":"https:\/\/liptosa.com\/en\/wp-json\/wp\/v2\/pages\/1555\/revisions"}],"predecessor-version":[{"id":3081,"href":"https:\/\/liptosa.com\/en\/wp-json\/wp\/v2\/pages\/1555\/revisions\/3081"}],"up":[{"embeddable":true,"href":"https:\/\/liptosa.com\/en\/wp-json\/wp\/v2\/pages\/274"}],"wp:attachment":[{"href":"https:\/\/liptosa.com\/en\/wp-json\/wp\/v2\/media?parent=1555"}],"curies":[{"name":"wp","href":"https:\/\/api.w.org\/{rel}","templated":true}]}}